{"id":10842,"date":"2024-04-02T22:39:28","date_gmt":"2024-04-02T19:39:28","guid":{"rendered":"https:\/\/www.isinaydinlatma.com.tr\/?page_id=10842"},"modified":"2025-04-18T15:37:50","modified_gmt":"2025-04-18T12:37:50","slug":"bollardlar","status":"publish","type":"product","link":"https:\/\/www.isinaydinlatma.com.tr\/en\/product\/bollardlar\/","title":{"rendered":"Bollards"},"content":{"rendered":"<div data-elementor-type=\"wp-page\" data-elementor-id=\"10842\" class=\"elementor elementor-10842\" data-elementor-post-type=\"product\">\n\t\t\t\t<div class=\"elementor-element elementor-element-980dc0c animated-fast e-flex e-con-boxed elementor-invisible e-con e-parent\" data-id=\"980dc0c\" data-element_type=\"container\" data-settings=\"{&quot;background_background&quot;:&quot;classic&quot;,&quot;animation&quot;:&quot;fadeInUp&quot;}\">\n\t\t\t\t\t<div class=\"e-con-inner\">\n\t\t\t\t<div class=\"elementor-element elementor-element-cf4132e elementor-widget elementor-widget-spacer\" data-id=\"cf4132e\" data-element_type=\"widget\" data-widget_type=\"spacer.default\">\n\t\t\t\t<div class=\"elementor-widget-container\">\n\t\t\t\t\t\t\t<div class=\"elementor-spacer\">\n\t\t\t<div class=\"elementor-spacer-inner\"><\/div>\n\t\t<\/div>\n\t\t\t\t\t\t<\/div>\n\t\t\t\t<\/div>\n\t\t\t\t<div class=\"elementor-element elementor-element-ad931f5 elementor-widget elementor-widget-spacer\" data-id=\"ad931f5\" data-element_type=\"widget\" data-widget_type=\"spacer.default\">\n\t\t\t\t<div class=\"elementor-widget-container\">\n\t\t\t\t\t\t\t<div class=\"elementor-spacer\">\n\t\t\t<div class=\"elementor-spacer-inner\"><\/div>\n\t\t<\/div>\n\t\t\t\t\t\t<\/div>\n\t\t\t\t<\/div>\n\t\t\t\t<div class=\"elementor-element elementor-element-0649edd elementor-widget elementor-widget-heading\" data-id=\"0649edd\" data-element_type=\"widget\" data-widget_type=\"heading.default\">\n\t\t\t\t<div class=\"elementor-widget-container\">\n\t\t\t\t\t<h1 class=\"elementor-heading-title elementor-size-default\">Bollards<\/h1>\t\t\t\t<\/div>\n\t\t\t\t<\/div>\n\t\t\t\t\t<\/div>\n\t\t\t\t<\/div>\n\t\t\t\t<section class=\"elementor-section elementor-top-section elementor-element elementor-element-0b1fc7e elementor-section-boxed elementor-section-height-default elementor-section-height-default\" data-id=\"0b1fc7e\" data-element_type=\"section\">\n\t\t\t\t\t\t<div class=\"elementor-container elementor-column-gap-no\">\n\t\t\t\t\t<div class=\"elementor-column elementor-col-100 elementor-top-column elementor-element elementor-element-fe680a0\" data-id=\"fe680a0\" data-element_type=\"column\">\n\t\t\t<div class=\"elementor-widget-wrap elementor-element-populated\">\n\t\t\t\t\t\t<div class=\"elementor-element elementor-element-cb5da67 elementor-widget elementor-widget-spacer\" data-id=\"cb5da67\" data-element_type=\"widget\" data-widget_type=\"spacer.default\">\n\t\t\t\t<div class=\"elementor-widget-container\">\n\t\t\t\t\t\t\t<div class=\"elementor-spacer\">\n\t\t\t<div class=\"elementor-spacer-inner\"><\/div>\n\t\t<\/div>\n\t\t\t\t\t\t<\/div>\n\t\t\t\t<\/div>\n\t\t\t\t<div class=\"elementor-element elementor-element-4d8160f elementor-invisible elementor-widget elementor-widget-text-editor\" data-id=\"4d8160f\" data-element_type=\"widget\" data-settings=\"{&quot;_animation&quot;:&quot;fadeInUp&quot;}\" data-widget_type=\"text-editor.default\">\n\t\t\t\t<div class=\"elementor-widget-container\">\n\t\t\t\t\t\t\t\t\t<p><a href=\"https:\/\/www.isinaydinlatma.com.tr\/en\/\">Home<\/a> \/ <a href=\"https:\/\/www.isinaydinlatma.com.tr\/en\/aydinlatma-direkleri\/\">Lighting Poles<\/a> \/ Bollards<\/p>\t\t\t\t\t\t\t\t<\/div>\n\t\t\t\t<\/div>\n\t\t\t\t<div class=\"elementor-element elementor-element-ea5f52d elementor-widget elementor-widget-spacer\" data-id=\"ea5f52d\" data-element_type=\"widget\" data-widget_type=\"spacer.default\">\n\t\t\t\t<div class=\"elementor-widget-container\">\n\t\t\t\t\t\t\t<div class=\"elementor-spacer\">\n\t\t\t<div class=\"elementor-spacer-inner\"><\/div>\n\t\t<\/div>\n\t\t\t\t\t\t<\/div>\n\t\t\t\t<\/div>\n\t\t\t\t<section class=\"elementor-section elementor-inner-section elementor-element elementor-element-c2255dd elementor-section-boxed elementor-section-height-default elementor-section-height-default elementor-invisible\" data-id=\"c2255dd\" data-element_type=\"section\" data-settings=\"{&quot;animation&quot;:&quot;fadeInUp&quot;}\">\n\t\t\t\t\t\t<div class=\"elementor-container elementor-column-gap-default\">\n\t\t\t\t\t<div class=\"elementor-column elementor-col-100 elementor-inner-column elementor-element elementor-element-80f7421\" data-id=\"80f7421\" data-element_type=\"column\" data-settings=\"{&quot;background_background&quot;:&quot;classic&quot;}\">\n\t\t\t<div class=\"elementor-widget-wrap elementor-element-populated\">\n\t\t\t\t\t<div class=\"elementor-background-overlay\"><\/div>\n\t\t\t\t\t\t<div class=\"elementor-element elementor-element-2a14348 elementor-widget elementor-widget-text-editor\" data-id=\"2a14348\" data-element_type=\"widget\" data-widget_type=\"text-editor.default\">\n\t\t\t\t<div class=\"elementor-widget-container\">\n\t\t\t\t\t\t\t\t\tBollards, whose lengths vary between 0.5 meters and 2 meters, provide illumination and a stylish appearance in many areas such as walkways, garage entrances, parks and gardens.\nWith advanced LED technology, the lighting section is integrated into the body of the bollards, creating an integrated appearance.\t\t\t\t\t\t\t\t<\/div>\n\t\t\t\t<\/div>\n\t\t\t\t\t<\/div>\n\t\t<\/div>\n\t\t\t\t\t<\/div>\n\t\t<\/section>\n\t\t\t\t\t<\/div>\n\t\t<\/div>\n\t\t\t\t\t<\/div>\n\t\t<\/section>\n\t\t\t\t<section class=\"elementor-section elementor-top-section elementor-element elementor-element-169d918 elementor-section-boxed elementor-section-height-default elementor-section-height-default\" data-id=\"169d918\" data-element_type=\"section\">\n\t\t\t\t\t\t<div class=\"elementor-container elementor-column-gap-default\">\n\t\t\t\t\t<div class=\"elementor-column elementor-col-100 elementor-top-column elementor-element elementor-element-071b8b5\" data-id=\"071b8b5\" data-element_type=\"column\">\n\t\t\t<div class=\"elementor-widget-wrap elementor-element-populated\">\n\t\t\t\t\t\t<section class=\"elementor-section elementor-inner-section elementor-element elementor-element-e4be5fe elementor-section-boxed elementor-section-height-default elementor-section-height-default elementor-invisible\" data-id=\"e4be5fe\" data-element_type=\"section\" data-settings=\"{&quot;animation&quot;:&quot;fadeInUp&quot;}\">\n\t\t\t\t\t\t<div class=\"elementor-container elementor-column-gap-default\">\n\t\t\t\t\t<div class=\"elementor-column elementor-col-33 elementor-inner-column elementor-element elementor-element-c9fa385\" data-id=\"c9fa385\" data-element_type=\"column\" data-settings=\"{&quot;background_background&quot;:&quot;classic&quot;}\">\n\t\t\t<div class=\"elementor-widget-wrap elementor-element-populated\">\n\t\t\t\t\t<div class=\"elementor-background-overlay\"><\/div>\n\t\t\t\t\t\t<div class=\"elementor-element elementor-element-967aed7 image-box-style-6 elementor-widget elementor-widget-mae-image-box\" data-id=\"967aed7\" data-element_type=\"widget\" data-widget_type=\"mae-image-box.default\">\n\t\t\t\t<div class=\"elementor-widget-container\">\n\t\t\t\t\t                <div class=\"master-image-box\">\n                            <div class=\"thumb\"><div class=\"inner\"><img fetchpriority=\"high\" decoding=\"async\" width=\"500\" height=\"535\" src=\"https:\/\/www.isinaydinlatma.com.tr\/wp-content\/uploads\/2024\/04\/bollard-isin-B-01-01.jpg\" class=\"attachment-full size-full\" alt=\"\" srcset=\"https:\/\/www.isinaydinlatma.com.tr\/wp-content\/uploads\/2024\/04\/bollard-isin-B-01-01.jpg 500w, https:\/\/www.isinaydinlatma.com.tr\/wp-content\/uploads\/2024\/04\/bollard-isin-B-01-01-280x300.jpg 280w\" sizes=\"(max-width: 500px) 100vw, 500px\" \/><\/div><\/div>\n                <div class=\"content-wrap\">\n                    <h2 class=\"headline-2\"><a href=\"https:\/\/www.isinaydinlatma.com.tr\/en\/aydinlatma-direkleri\/bollardlar\/isin-b-01\/\">I\u015eIN-B-01<\/a><\/h2>                <\/div>\n                <a class=\"url-hidden\" href=\"https:\/\/www.isinaydinlatma.com.tr\/en\/aydinlatma-direkleri\/bollardlar\/isin-b-01\/\"><\/a>                    <\/div>\n        \t\t\t\t<\/div>\n\t\t\t\t<\/div>\n\t\t\t\t\t<\/div>\n\t\t<\/div>\n\t\t\t\t<div class=\"elementor-column elementor-col-33 elementor-inner-column elementor-element elementor-element-a2f857f\" data-id=\"a2f857f\" data-element_type=\"column\" data-settings=\"{&quot;background_background&quot;:&quot;classic&quot;}\">\n\t\t\t<div class=\"elementor-widget-wrap elementor-element-populated\">\n\t\t\t\t\t<div class=\"elementor-background-overlay\"><\/div>\n\t\t\t\t\t\t<div class=\"elementor-element elementor-element-274e222 image-box-style-6 elementor-widget elementor-widget-mae-image-box\" data-id=\"274e222\" data-element_type=\"widget\" data-widget_type=\"mae-image-box.default\">\n\t\t\t\t<div class=\"elementor-widget-container\">\n\t\t\t\t\t                <div class=\"master-image-box\">\n                            <div class=\"thumb\"><div class=\"inner\"><img decoding=\"async\" width=\"500\" height=\"535\" src=\"https:\/\/www.isinaydinlatma.com.tr\/wp-content\/uploads\/2024\/04\/bollard-isin-B-02-01.jpg\" class=\"attachment-full size-full\" alt=\"\" srcset=\"https:\/\/www.isinaydinlatma.com.tr\/wp-content\/uploads\/2024\/04\/bollard-isin-B-02-01.jpg 500w, https:\/\/www.isinaydinlatma.com.tr\/wp-content\/uploads\/2024\/04\/bollard-isin-B-02-01-280x300.jpg 280w\" sizes=\"(max-width: 500px) 100vw, 500px\" \/><\/div><\/div>\n                <div class=\"content-wrap\">\n                    <h2 class=\"headline-2\"><a href=\"https:\/\/www.isinaydinlatma.com.tr\/en\/aydinlatma-direkleri\/bollardlar\/isin-b-02\/\">I\u015eIN-B-02<\/a><\/h2>                <\/div>\n                <a class=\"url-hidden\" href=\"https:\/\/www.isinaydinlatma.com.tr\/en\/aydinlatma-direkleri\/bollardlar\/isin-b-02\/\"><\/a>                    <\/div>\n        \t\t\t\t<\/div>\n\t\t\t\t<\/div>\n\t\t\t\t\t<\/div>\n\t\t<\/div>\n\t\t\t\t<div class=\"elementor-column elementor-col-33 elementor-inner-column elementor-element elementor-element-2b805f5\" data-id=\"2b805f5\" data-element_type=\"column\">\n\t\t\t<div class=\"elementor-widget-wrap elementor-element-populated\">\n\t\t\t\t\t\t<div class=\"elementor-element elementor-element-ff8e5fe image-box-style-6 elementor-widget elementor-widget-mae-image-box\" data-id=\"ff8e5fe\" data-element_type=\"widget\" data-widget_type=\"mae-image-box.default\">\n\t\t\t\t<div class=\"elementor-widget-container\">\n\t\t\t\t\t                <div class=\"master-image-box\">\n                            <div class=\"thumb\"><div class=\"inner\"><img decoding=\"async\" width=\"500\" height=\"535\" src=\"https:\/\/www.isinaydinlatma.com.tr\/wp-content\/uploads\/2024\/04\/bollard-isin-B-03-01.jpg\" class=\"attachment-full size-full\" alt=\"\" srcset=\"https:\/\/www.isinaydinlatma.com.tr\/wp-content\/uploads\/2024\/04\/bollard-isin-B-03-01.jpg 500w, https:\/\/www.isinaydinlatma.com.tr\/wp-content\/uploads\/2024\/04\/bollard-isin-B-03-01-280x300.jpg 280w\" sizes=\"(max-width: 500px) 100vw, 500px\" \/><\/div><\/div>\n                <div class=\"content-wrap\">\n                    <h2 class=\"headline-2\"><a href=\"https:\/\/www.isinaydinlatma.com.tr\/en\/aydinlatma-direkleri\/bollardlar\/isin-b-03\/\">I\u015eIN-B-03<\/a><\/h2>                <\/div>\n                <a class=\"url-hidden\" href=\"https:\/\/www.isinaydinlatma.com.tr\/en\/aydinlatma-direkleri\/bollardlar\/isin-b-03\/\"><\/a>                    <\/div>\n        \t\t\t\t<\/div>\n\t\t\t\t<\/div>\n\t\t\t\t\t<\/div>\n\t\t<\/div>\n\t\t\t\t\t<\/div>\n\t\t<\/section>\n\t\t\t\t<section class=\"elementor-section elementor-inner-section elementor-element elementor-element-7d80cd5 elementor-section-boxed elementor-section-height-default elementor-section-height-default elementor-invisible\" data-id=\"7d80cd5\" data-element_type=\"section\" data-settings=\"{&quot;animation&quot;:&quot;fadeInUp&quot;}\">\n\t\t\t\t\t\t<div class=\"elementor-container elementor-column-gap-default\">\n\t\t\t\t\t<div class=\"elementor-column elementor-col-33 elementor-inner-column elementor-element elementor-element-a3aea24\" data-id=\"a3aea24\" data-element_type=\"column\" data-settings=\"{&quot;background_background&quot;:&quot;classic&quot;}\">\n\t\t\t<div class=\"elementor-widget-wrap elementor-element-populated\">\n\t\t\t\t\t<div class=\"elementor-background-overlay\"><\/div>\n\t\t\t\t\t\t<div class=\"elementor-element elementor-element-04fac9b image-box-style-6 elementor-widget elementor-widget-mae-image-box\" data-id=\"04fac9b\" data-element_type=\"widget\" data-widget_type=\"mae-image-box.default\">\n\t\t\t\t<div class=\"elementor-widget-container\">\n\t\t\t\t\t                <div class=\"master-image-box\">\n                            <div class=\"thumb\"><div class=\"inner\"><img loading=\"lazy\" decoding=\"async\" width=\"500\" height=\"535\" src=\"https:\/\/www.isinaydinlatma.com.tr\/wp-content\/uploads\/2024\/04\/bollard-isin-B-04-01.jpg\" class=\"attachment-full size-full\" alt=\"\" srcset=\"https:\/\/www.isinaydinlatma.com.tr\/wp-content\/uploads\/2024\/04\/bollard-isin-B-04-01.jpg 500w, https:\/\/www.isinaydinlatma.com.tr\/wp-content\/uploads\/2024\/04\/bollard-isin-B-04-01-280x300.jpg 280w\" sizes=\"(max-width: 500px) 100vw, 500px\" \/><\/div><\/div>\n                <div class=\"content-wrap\">\n                    <h2 class=\"headline-2\"><a href=\"https:\/\/www.isinaydinlatma.com.tr\/en\/aydinlatma-direkleri\/bollardlar\/isin-b-04\/\">I\u015eIN-B-04<\/a><\/h2>                <\/div>\n                <a class=\"url-hidden\" href=\"https:\/\/www.isinaydinlatma.com.tr\/en\/aydinlatma-direkleri\/bollardlar\/isin-b-04\/\"><\/a>                    <\/div>\n        \t\t\t\t<\/div>\n\t\t\t\t<\/div>\n\t\t\t\t\t<\/div>\n\t\t<\/div>\n\t\t\t\t<div class=\"elementor-column elementor-col-33 elementor-inner-column elementor-element elementor-element-91f30e6\" data-id=\"91f30e6\" data-element_type=\"column\" data-settings=\"{&quot;background_background&quot;:&quot;classic&quot;}\">\n\t\t\t<div class=\"elementor-widget-wrap elementor-element-populated\">\n\t\t\t\t\t<div class=\"elementor-background-overlay\"><\/div>\n\t\t\t\t\t\t<div class=\"elementor-element elementor-element-110e8d0 image-box-style-6 elementor-widget elementor-widget-mae-image-box\" data-id=\"110e8d0\" data-element_type=\"widget\" data-widget_type=\"mae-image-box.default\">\n\t\t\t\t<div class=\"elementor-widget-container\">\n\t\t\t\t\t                <div class=\"master-image-box\">\n                            <div class=\"thumb\"><div class=\"inner\"><img loading=\"lazy\" decoding=\"async\" width=\"500\" height=\"535\" src=\"https:\/\/www.isinaydinlatma.com.tr\/wp-content\/uploads\/2024\/04\/bollard-isin-B-05-01.jpg\" class=\"attachment-full size-full\" alt=\"\" srcset=\"https:\/\/www.isinaydinlatma.com.tr\/wp-content\/uploads\/2024\/04\/bollard-isin-B-05-01.jpg 500w, https:\/\/www.isinaydinlatma.com.tr\/wp-content\/uploads\/2024\/04\/bollard-isin-B-05-01-280x300.jpg 280w\" sizes=\"(max-width: 500px) 100vw, 500px\" \/><\/div><\/div>\n                <div class=\"content-wrap\">\n                    <h2 class=\"headline-2\"><a href=\"https:\/\/www.isinaydinlatma.com.tr\/en\/aydinlatma-direkleri\/bollardlar\/isin-b-05\/\">I\u015eIN-B-05<\/a><\/h2>                <\/div>\n                <a class=\"url-hidden\" href=\"https:\/\/www.isinaydinlatma.com.tr\/en\/aydinlatma-direkleri\/bollardlar\/isin-b-05\/\"><\/a>                    <\/div>\n        \t\t\t\t<\/div>\n\t\t\t\t<\/div>\n\t\t\t\t\t<\/div>\n\t\t<\/div>\n\t\t\t\t<div class=\"elementor-column elementor-col-33 elementor-inner-column elementor-element elementor-element-03af230\" data-id=\"03af230\" data-element_type=\"column\">\n\t\t\t<div class=\"elementor-widget-wrap\">\n\t\t\t\t\t\t\t<\/div>\n\t\t<\/div>\n\t\t\t\t\t<\/div>\n\t\t<\/section>\n\t\t\t\t\t<\/div>\n\t\t<\/div>\n\t\t\t\t\t<\/div>\n\t\t<\/section>\n\t\t\t\t<\/div>","protected":false},"excerpt":{"rendered":"<p>Bollardlar Anasayfa \/ Ayd\u0131nlatma Direkleri \/ Bollardlar Boylar\u0131 0,5 metre ile 2 metre aras\u0131nda de\u011fi\u015fen bollardlarla y\u00fcr\u00fcy\u00fc\u015f yollar\u0131, garaj giri\u015fleri, park ve bah\u00e7eler gibi bir\u00e7ok alanda hem ayd\u0131nlatma sa\u011flanmakta hem de \u015f\u0131k bir g\u00f6r\u00fcn\u00fcm elde edilmektedir. Geli\u015fmi\u015f led teknolojisiyle ayd\u0131nlatma b\u00f6l\u00fcm\u00fc bollardlar\u0131n g\u00f6vdesine entegre edilerek b\u00fct\u00fcnle\u015fmi\u015f bir g\u00f6r\u00fcn\u00fcm elde edilmektedir.<\/p>","protected":false},"featured_media":0,"comment_status":"closed","ping_status":"closed","template":"","meta":{"inline_featured_image":false},"product_brand":[],"product_cat":[],"product_tag":[],"class_list":{"0":"post-10842","1":"product","2":"type-product","3":"status-publish","6":"first","7":"instock","8":"shipping-taxable","9":"product-type-simple"},"yoast_head":"<!-- This site is optimized with the Yoast SEO plugin v24.9 - https:\/\/yoast.com\/wordpress\/plugins\/seo\/ -->\n<title>Bollardlar - I\u015f\u0131n Ayd\u0131nlatma<\/title>\n<meta name=\"robots\" content=\"index, follow, max-snippet:-1, max-image-preview:large, max-video-preview:-1\" \/>\n<link rel=\"canonical\" href=\"https:\/\/www.isinaydinlatma.com.tr\/en\/product\/bollardlar\/\" \/>\n<meta property=\"og:locale\" content=\"en_GB\" \/>\n<meta property=\"og:type\" content=\"article\" \/>\n<meta property=\"og:title\" content=\"Bollardlar - I\u015f\u0131n Ayd\u0131nlatma\" \/>\n<meta property=\"og:description\" content=\"Bollardlar Anasayfa \/ Ayd\u0131nlatma Direkleri \/ Bollardlar Boylar\u0131 0,5 metre ile 2 metre aras\u0131nda de\u011fi\u015fen bollardlarla y\u00fcr\u00fcy\u00fc\u015f yollar\u0131, garaj giri\u015fleri, park ve bah\u00e7eler gibi bir\u00e7ok alanda hem ayd\u0131nlatma sa\u011flanmakta hem de \u015f\u0131k bir g\u00f6r\u00fcn\u00fcm elde edilmektedir. Geli\u015fmi\u015f led teknolojisiyle ayd\u0131nlatma b\u00f6l\u00fcm\u00fc bollardlar\u0131n g\u00f6vdesine entegre edilerek b\u00fct\u00fcnle\u015fmi\u015f bir g\u00f6r\u00fcn\u00fcm elde edilmektedir.\" \/>\n<meta property=\"og:url\" content=\"https:\/\/www.isinaydinlatma.com.tr\/en\/product\/bollardlar\/\" \/>\n<meta property=\"og:site_name\" content=\"I\u015f\u0131n Ayd\u0131nlatma\" \/>\n<meta property=\"article:modified_time\" content=\"2025-04-18T12:37:50+00:00\" \/>\n<meta property=\"og:image\" content=\"https:\/\/www.isinaydinlatma.com.tr\/wp-content\/uploads\/2024\/04\/bollard-isin-B-01-01.jpg\" \/>\n<meta name=\"twitter:card\" content=\"summary_large_image\" \/>\n<script type=\"application\/ld+json\" class=\"yoast-schema-graph\">{\"@context\":\"https:\/\/schema.org\",\"@graph\":[{\"@type\":\"WebPage\",\"@id\":\"https:\/\/www.isinaydinlatma.com.tr\/urun\/bollardlar\/\",\"url\":\"https:\/\/www.isinaydinlatma.com.tr\/urun\/bollardlar\/\",\"name\":\"Bollardlar - I\u015f\u0131n Ayd\u0131nlatma\",\"isPartOf\":{\"@id\":\"https:\/\/www.isinaydinlatma.com.tr\/en\/#website\"},\"primaryImageOfPage\":{\"@id\":\"https:\/\/www.isinaydinlatma.com.tr\/urun\/bollardlar\/#primaryimage\"},\"image\":{\"@id\":\"https:\/\/www.isinaydinlatma.com.tr\/urun\/bollardlar\/#primaryimage\"},\"thumbnailUrl\":\"https:\/\/www.isinaydinlatma.com.tr\/wp-content\/uploads\/2024\/04\/bollard-isin-B-01-01.jpg\",\"datePublished\":\"2024-04-02T19:39:28+00:00\",\"dateModified\":\"2025-04-18T12:37:50+00:00\",\"breadcrumb\":{\"@id\":\"https:\/\/www.isinaydinlatma.com.tr\/urun\/bollardlar\/#breadcrumb\"},\"inLanguage\":\"en-GB\",\"potentialAction\":[{\"@type\":\"ReadAction\",\"target\":[\"https:\/\/www.isinaydinlatma.com.tr\/urun\/bollardlar\/\"]}]},{\"@type\":\"ImageObject\",\"inLanguage\":\"en-GB\",\"@id\":\"https:\/\/www.isinaydinlatma.com.tr\/urun\/bollardlar\/#primaryimage\",\"url\":\"https:\/\/www.isinaydinlatma.com.tr\/wp-content\/uploads\/2024\/04\/bollard-isin-B-01-01.jpg\",\"contentUrl\":\"https:\/\/www.isinaydinlatma.com.tr\/wp-content\/uploads\/2024\/04\/bollard-isin-B-01-01.jpg\"},{\"@type\":\"BreadcrumbList\",\"@id\":\"https:\/\/www.isinaydinlatma.com.tr\/urun\/bollardlar\/#breadcrumb\",\"itemListElement\":[{\"@type\":\"ListItem\",\"position\":1,\"name\":\"Anasayfa\",\"item\":\"https:\/\/www.isinaydinlatma.com.tr\/\"},{\"@type\":\"ListItem\",\"position\":2,\"name\":\"Cart\",\"item\":\"https:\/\/www.isinaydinlatma.com.tr\/cart\/\"},{\"@type\":\"ListItem\",\"position\":3,\"name\":\"Ayd\u0131nlatma Direkleri\",\"item\":\"https:\/\/www.isinaydinlatma.com.tr\/urun\/aydinlatma-direkleri\/\"},{\"@type\":\"ListItem\",\"position\":4,\"name\":\"Bollardlar\"}]},{\"@type\":\"WebSite\",\"@id\":\"https:\/\/www.isinaydinlatma.com.tr\/en\/#website\",\"url\":\"https:\/\/www.isinaydinlatma.com.tr\/en\/\",\"name\":\"I\u015f\u0131n Ayd\u0131nlatma\",\"description\":\"\",\"potentialAction\":[{\"@type\":\"SearchAction\",\"target\":{\"@type\":\"EntryPoint\",\"urlTemplate\":\"https:\/\/www.isinaydinlatma.com.tr\/en\/?s={search_term_string}\"},\"query-input\":{\"@type\":\"PropertyValueSpecification\",\"valueRequired\":true,\"valueName\":\"search_term_string\"}}],\"inLanguage\":\"en-GB\"}]}<\/script>\n<!-- \/ Yoast SEO plugin. -->","yoast_head_json":{"title":"Bollardlar - I\u015f\u0131n Ayd\u0131nlatma","robots":{"index":"index","follow":"follow","max-snippet":"max-snippet:-1","max-image-preview":"max-image-preview:large","max-video-preview":"max-video-preview:-1"},"canonical":"https:\/\/www.isinaydinlatma.com.tr\/en\/product\/bollardlar\/","og_locale":"en_GB","og_type":"article","og_title":"Bollardlar - I\u015f\u0131n Ayd\u0131nlatma","og_description":"Bollardlar Anasayfa \/ Ayd\u0131nlatma Direkleri \/ Bollardlar Boylar\u0131 0,5 metre ile 2 metre aras\u0131nda de\u011fi\u015fen bollardlarla y\u00fcr\u00fcy\u00fc\u015f yollar\u0131, garaj giri\u015fleri, park ve bah\u00e7eler gibi bir\u00e7ok alanda hem ayd\u0131nlatma sa\u011flanmakta hem de \u015f\u0131k bir g\u00f6r\u00fcn\u00fcm elde edilmektedir. Geli\u015fmi\u015f led teknolojisiyle ayd\u0131nlatma b\u00f6l\u00fcm\u00fc bollardlar\u0131n g\u00f6vdesine entegre edilerek b\u00fct\u00fcnle\u015fmi\u015f bir g\u00f6r\u00fcn\u00fcm elde edilmektedir.","og_url":"https:\/\/www.isinaydinlatma.com.tr\/en\/product\/bollardlar\/","og_site_name":"I\u015f\u0131n Ayd\u0131nlatma","article_modified_time":"2025-04-18T12:37:50+00:00","og_image":[{"url":"https:\/\/www.isinaydinlatma.com.tr\/wp-content\/uploads\/2024\/04\/bollard-isin-B-01-01.jpg","type":"","width":"","height":""}],"twitter_card":"summary_large_image","schema":{"@context":"https:\/\/schema.org","@graph":[{"@type":"WebPage","@id":"https:\/\/www.isinaydinlatma.com.tr\/urun\/bollardlar\/","url":"https:\/\/www.isinaydinlatma.com.tr\/urun\/bollardlar\/","name":"Bollardlar - I\u015f\u0131n Ayd\u0131nlatma","isPartOf":{"@id":"https:\/\/www.isinaydinlatma.com.tr\/en\/#website"},"primaryImageOfPage":{"@id":"https:\/\/www.isinaydinlatma.com.tr\/urun\/bollardlar\/#primaryimage"},"image":{"@id":"https:\/\/www.isinaydinlatma.com.tr\/urun\/bollardlar\/#primaryimage"},"thumbnailUrl":"https:\/\/www.isinaydinlatma.com.tr\/wp-content\/uploads\/2024\/04\/bollard-isin-B-01-01.jpg","datePublished":"2024-04-02T19:39:28+00:00","dateModified":"2025-04-18T12:37:50+00:00","breadcrumb":{"@id":"https:\/\/www.isinaydinlatma.com.tr\/urun\/bollardlar\/#breadcrumb"},"inLanguage":"en-GB","potentialAction":[{"@type":"ReadAction","target":["https:\/\/www.isinaydinlatma.com.tr\/urun\/bollardlar\/"]}]},{"@type":"ImageObject","inLanguage":"en-GB","@id":"https:\/\/www.isinaydinlatma.com.tr\/urun\/bollardlar\/#primaryimage","url":"https:\/\/www.isinaydinlatma.com.tr\/wp-content\/uploads\/2024\/04\/bollard-isin-B-01-01.jpg","contentUrl":"https:\/\/www.isinaydinlatma.com.tr\/wp-content\/uploads\/2024\/04\/bollard-isin-B-01-01.jpg"},{"@type":"BreadcrumbList","@id":"https:\/\/www.isinaydinlatma.com.tr\/urun\/bollardlar\/#breadcrumb","itemListElement":[{"@type":"ListItem","position":1,"name":"Anasayfa","item":"https:\/\/www.isinaydinlatma.com.tr\/"},{"@type":"ListItem","position":2,"name":"Cart","item":"https:\/\/www.isinaydinlatma.com.tr\/cart\/"},{"@type":"ListItem","position":3,"name":"Ayd\u0131nlatma Direkleri","item":"https:\/\/www.isinaydinlatma.com.tr\/urun\/aydinlatma-direkleri\/"},{"@type":"ListItem","position":4,"name":"Bollardlar"}]},{"@type":"WebSite","@id":"https:\/\/www.isinaydinlatma.com.tr\/en\/#website","url":"https:\/\/www.isinaydinlatma.com.tr\/en\/","name":"I\u015f\u0131n Ayd\u0131nlatma","description":"","potentialAction":[{"@type":"SearchAction","target":{"@type":"EntryPoint","urlTemplate":"https:\/\/www.isinaydinlatma.com.tr\/en\/?s={search_term_string}"},"query-input":{"@type":"PropertyValueSpecification","valueRequired":true,"valueName":"search_term_string"}}],"inLanguage":"en-GB"}]}},"_links":{"self":[{"href":"https:\/\/www.isinaydinlatma.com.tr\/en\/wp-json\/wp\/v2\/product\/10842","targetHints":{"allow":["GET"]}}],"collection":[{"href":"https:\/\/www.isinaydinlatma.com.tr\/en\/wp-json\/wp\/v2\/product"}],"about":[{"href":"https:\/\/www.isinaydinlatma.com.tr\/en\/wp-json\/wp\/v2\/types\/product"}],"replies":[{"embeddable":true,"href":"https:\/\/www.isinaydinlatma.com.tr\/en\/wp-json\/wp\/v2\/comments?post=10842"}],"version-history":[{"count":0,"href":"https:\/\/www.isinaydinlatma.com.tr\/en\/wp-json\/wp\/v2\/product\/10842\/revisions"}],"wp:attachment":[{"href":"https:\/\/www.isinaydinlatma.com.tr\/en\/wp-json\/wp\/v2\/media?parent=10842"}],"wp:term":[{"taxonomy":"product_brand","embeddable":true,"href":"https:\/\/www.isinaydinlatma.com.tr\/en\/wp-json\/wp\/v2\/product_brand?post=10842"},{"taxonomy":"product_cat","embeddable":true,"href":"https:\/\/www.isinaydinlatma.com.tr\/en\/wp-json\/wp\/v2\/product_cat?post=10842"},{"taxonomy":"product_tag","embeddable":true,"href":"https:\/\/www.isinaydinlatma.com.tr\/en\/wp-json\/wp\/v2\/product_tag?post=10842"}],"curies":[{"name":"wp","href":"https:\/\/api.w.org\/{rel}","templated":true}]}}