{"id":11173,"date":"2024-04-05T14:15:48","date_gmt":"2024-04-05T11:15:48","guid":{"rendered":"https:\/\/www.isinaydinlatma.com.tr\/?page_id=11173"},"modified":"2025-04-18T15:37:50","modified_gmt":"2025-04-18T12:37:50","slug":"akilli-sehir-sistemleri","status":"publish","type":"product","link":"https:\/\/www.isinaydinlatma.com.tr\/en\/product\/akilli-sehir-sistemleri\/","title":{"rendered":"Smart City Systems"},"content":{"rendered":"<div data-elementor-type=\"wp-page\" data-elementor-id=\"11173\" class=\"elementor elementor-11173\" data-elementor-post-type=\"product\">\n\t\t\t\t<div class=\"elementor-element elementor-element-78886158 animated-fast e-flex e-con-boxed elementor-invisible e-con e-parent\" data-id=\"78886158\" data-element_type=\"container\" data-settings=\"{&quot;background_background&quot;:&quot;classic&quot;,&quot;animation&quot;:&quot;fadeInUp&quot;}\">\n\t\t\t\t\t<div class=\"e-con-inner\">\n\t\t\t\t<div class=\"elementor-element elementor-element-3f8677f elementor-widget elementor-widget-spacer\" data-id=\"3f8677f\" data-element_type=\"widget\" data-widget_type=\"spacer.default\">\n\t\t\t\t<div class=\"elementor-widget-container\">\n\t\t\t\t\t\t\t<div class=\"elementor-spacer\">\n\t\t\t<div class=\"elementor-spacer-inner\"><\/div>\n\t\t<\/div>\n\t\t\t\t\t\t<\/div>\n\t\t\t\t<\/div>\n\t\t\t\t<div class=\"elementor-element elementor-element-4611425 elementor-widget elementor-widget-spacer\" data-id=\"4611425\" data-element_type=\"widget\" data-widget_type=\"spacer.default\">\n\t\t\t\t<div class=\"elementor-widget-container\">\n\t\t\t\t\t\t\t<div class=\"elementor-spacer\">\n\t\t\t<div class=\"elementor-spacer-inner\"><\/div>\n\t\t<\/div>\n\t\t\t\t\t\t<\/div>\n\t\t\t\t<\/div>\n\t\t\t\t<div class=\"elementor-element elementor-element-18f05ecb elementor-widget elementor-widget-heading\" data-id=\"18f05ecb\" data-element_type=\"widget\" data-widget_type=\"heading.default\">\n\t\t\t\t<div class=\"elementor-widget-container\">\n\t\t\t\t\t<h1 class=\"elementor-heading-title elementor-size-default\">Smart City Systems<\/h1>\t\t\t\t<\/div>\n\t\t\t\t<\/div>\n\t\t\t\t\t<\/div>\n\t\t\t\t<\/div>\n\t\t\t\t<section class=\"elementor-section elementor-top-section elementor-element elementor-element-ae4ec9e elementor-section-boxed elementor-section-height-default elementor-section-height-default elementor-invisible\" data-id=\"ae4ec9e\" data-element_type=\"section\" data-settings=\"{&quot;animation&quot;:&quot;fadeInUp&quot;}\">\n\t\t\t\t\t\t<div class=\"elementor-container elementor-column-gap-no\">\n\t\t\t\t\t<div class=\"elementor-column elementor-col-100 elementor-top-column elementor-element elementor-element-3469a70\" data-id=\"3469a70\" data-element_type=\"column\">\n\t\t\t<div class=\"elementor-widget-wrap elementor-element-populated\">\n\t\t\t\t\t\t<div class=\"elementor-element elementor-element-341ced5 elementor-widget elementor-widget-spacer\" data-id=\"341ced5\" data-element_type=\"widget\" data-widget_type=\"spacer.default\">\n\t\t\t\t<div class=\"elementor-widget-container\">\n\t\t\t\t\t\t\t<div class=\"elementor-spacer\">\n\t\t\t<div class=\"elementor-spacer-inner\"><\/div>\n\t\t<\/div>\n\t\t\t\t\t\t<\/div>\n\t\t\t\t<\/div>\n\t\t\t\t<div class=\"elementor-element elementor-element-7fb42d8 elementor-widget elementor-widget-text-editor\" data-id=\"7fb42d8\" data-element_type=\"widget\" data-settings=\"{&quot;_animation&quot;:&quot;none&quot;}\" data-widget_type=\"text-editor.default\">\n\t\t\t\t<div class=\"elementor-widget-container\">\n\t\t\t\t\t\t\t\t\t<a href=\"https:\/\/www.isinaydinlatma.com.tr\/en\/\">Home<\/a> \/ Smart City Systems\t\t\t\t\t\t\t\t<\/div>\n\t\t\t\t<\/div>\n\t\t\t\t<div class=\"elementor-element elementor-element-f2bff2a elementor-widget elementor-widget-spacer\" data-id=\"f2bff2a\" data-element_type=\"widget\" data-widget_type=\"spacer.default\">\n\t\t\t\t<div class=\"elementor-widget-container\">\n\t\t\t\t\t\t\t<div class=\"elementor-spacer\">\n\t\t\t<div class=\"elementor-spacer-inner\"><\/div>\n\t\t<\/div>\n\t\t\t\t\t\t<\/div>\n\t\t\t\t<\/div>\n\t\t\t\t<section class=\"elementor-section elementor-inner-section elementor-element elementor-element-9dc9e93 elementor-section-boxed elementor-section-height-default elementor-section-height-default\" data-id=\"9dc9e93\" data-element_type=\"section\">\n\t\t\t\t\t\t<div class=\"elementor-container elementor-column-gap-default\">\n\t\t\t\t\t<div class=\"elementor-column elementor-col-50 elementor-inner-column elementor-element elementor-element-cf55aac\" data-id=\"cf55aac\" data-element_type=\"column\">\n\t\t\t<div class=\"elementor-widget-wrap elementor-element-populated\">\n\t\t\t\t\t\t<div class=\"elementor-element elementor-element-29de338 elementor-widget elementor-widget-image\" data-id=\"29de338\" data-element_type=\"widget\" data-widget_type=\"image.default\">\n\t\t\t\t<div class=\"elementor-widget-container\">\n\t\t\t\t\t\t\t\t\t\t\t\t\t\t\t\t<a href=\"https:\/\/www.isinaydinlatma.com.tr\/wp-content\/uploads\/2024\/04\/akilli-sehir-sistemleri-01.jpg\" data-elementor-open-lightbox=\"yes\" data-elementor-lightbox-title=\"akilli-sehir-sistemleri-01\" data-e-action-hash=\"#elementor-action%3Aaction%3Dlightbox%26settings%3DeyJpZCI6MTExODcsInVybCI6Imh0dHBzOlwvXC93d3cuaXNpbmF5ZGlubGF0bWEuY29tLnRyXC93cC1jb250ZW50XC91cGxvYWRzXC8yMDI0XC8wNFwvYWtpbGxpLXNlaGlyLXNpc3RlbWxlcmktMDEuanBnIn0%3D\">\n\t\t\t\t\t\t\t<img fetchpriority=\"high\" decoding=\"async\" width=\"500\" height=\"535\" src=\"https:\/\/www.isinaydinlatma.com.tr\/wp-content\/uploads\/2024\/04\/akilli-sehir-sistemleri-01.jpg\" class=\"attachment-large size-large wp-image-11187\" alt=\"\" srcset=\"https:\/\/www.isinaydinlatma.com.tr\/wp-content\/uploads\/2024\/04\/akilli-sehir-sistemleri-01.jpg 500w, https:\/\/www.isinaydinlatma.com.tr\/wp-content\/uploads\/2024\/04\/akilli-sehir-sistemleri-01-280x300.jpg 280w\" sizes=\"(max-width: 500px) 100vw, 500px\" \/>\t\t\t\t\t\t\t\t<\/a>\n\t\t\t\t\t\t\t\t\t\t\t\t\t\t\t<\/div>\n\t\t\t\t<\/div>\n\t\t\t\t\t<\/div>\n\t\t<\/div>\n\t\t\t\t<div class=\"elementor-column elementor-col-50 elementor-inner-column elementor-element elementor-element-49073ba\" data-id=\"49073ba\" data-element_type=\"column\">\n\t\t\t<div class=\"elementor-widget-wrap elementor-element-populated\">\n\t\t\t\t\t\t<div class=\"elementor-element elementor-element-77f6f41 elementor-widget elementor-widget-heading\" data-id=\"77f6f41\" data-element_type=\"widget\" data-widget_type=\"heading.default\">\n\t\t\t\t<div class=\"elementor-widget-container\">\n\t\t\t\t\t<h2 class=\"elementor-heading-title elementor-size-default\">Smart City Systems<\/h2>\t\t\t\t<\/div>\n\t\t\t\t<\/div>\n\t\t\t\t<div class=\"elementor-element elementor-element-4ef293b elementor-widget-divider--view-line elementor-widget elementor-widget-divider\" data-id=\"4ef293b\" data-element_type=\"widget\" data-widget_type=\"divider.default\">\n\t\t\t\t<div class=\"elementor-widget-container\">\n\t\t\t\t\t\t\t<div class=\"elementor-divider\">\n\t\t\t<span class=\"elementor-divider-separator\">\n\t\t\t\t\t\t<\/span>\n\t\t<\/div>\n\t\t\t\t\t\t<\/div>\n\t\t\t\t<\/div>\n\t\t\t\t<div class=\"elementor-element elementor-element-3b31b39 list-default icon-default elementor-widget elementor-widget-mae-list\" data-id=\"3b31b39\" data-element_type=\"widget\" data-widget_type=\"mae-list.default\">\n\t\t\t\t<div class=\"elementor-widget-container\">\n\t\t\t\t\t\n\t\t<div class=\"master-list\">\n\t\t\t\t\t\t\t<div class=\"master-icon-text list-item\">\n\t\t\t\t        \t\t\t        <div class=\"icon-wrap\">\n    \t\t\t\t        <svg aria-hidden=\"true\" class=\"e-font-icon-svg e-fas-square\" viewbox=\"0 0 448 512\" xmlns=\"http:\/\/www.w3.org\/2000\/svg\"><path d=\"M400 32H48C21.5 32 0 53.5 0 80v352c0 26.5 21.5 48 48 48h352c26.5 0 48-21.5 48-48V80c0-26.5-21.5-48-48-48z\"><\/path><\/svg>    \t\t\t        <\/div> \n    \t\t\t    \n\t\t\t        <div class=\"content-wrap\">\n\t\t\t            Single console\t\t\t        <\/div>\n\t\t\t        \n\t\t\t        \t\t\t    <\/div>\n\t\t    \t\t\t\t<div class=\"master-icon-text list-item\">\n\t\t\t\t        \t\t\t        <div class=\"icon-wrap\">\n    \t\t\t\t        <svg aria-hidden=\"true\" class=\"e-font-icon-svg e-fas-square\" viewbox=\"0 0 448 512\" xmlns=\"http:\/\/www.w3.org\/2000\/svg\"><path d=\"M400 32H48C21.5 32 0 53.5 0 80v352c0 26.5 21.5 48 48 48h352c26.5 0 48-21.5 48-48V80c0-26.5-21.5-48-48-48z\"><\/path><\/svg>    \t\t\t        <\/div> \n    \t\t\t    \n\t\t\t        <div class=\"content-wrap\">\n\t\t\t            Height 3 to 8 m\t\t\t        <\/div>\n\t\t\t        \n\t\t\t        \t\t\t    <\/div>\n\t\t    \t\t\t\t<div class=\"master-icon-text list-item\">\n\t\t\t\t        \t\t\t        <div class=\"icon-wrap\">\n    \t\t\t\t        <svg aria-hidden=\"true\" class=\"e-font-icon-svg e-fas-square\" viewbox=\"0 0 448 512\" xmlns=\"http:\/\/www.w3.org\/2000\/svg\"><path d=\"M400 32H48C21.5 32 0 53.5 0 80v352c0 26.5 21.5 48 48 48h352c26.5 0 48-21.5 48-48V80c0-26.5-21.5-48-48-48z\"><\/path><\/svg>    \t\t\t        <\/div> \n    \t\t\t    \n\t\t\t        <div class=\"content-wrap\">\n\t\t\t            Width 1.2 m\t\t\t        <\/div>\n\t\t\t        \n\t\t\t        \t\t\t    <\/div>\n\t\t    \t\t\t\t<div class=\"master-icon-text list-item\">\n\t\t\t\t        \t\t\t        <div class=\"icon-wrap\">\n    \t\t\t\t        <svg aria-hidden=\"true\" class=\"e-font-icon-svg e-fas-square\" viewbox=\"0 0 448 512\" xmlns=\"http:\/\/www.w3.org\/2000\/svg\"><path d=\"M400 32H48C21.5 32 0 53.5 0 80v352c0 26.5 21.5 48 48 48h352c26.5 0 48-21.5 48-48V80c0-26.5-21.5-48-48-48z\"><\/path><\/svg>    \t\t\t        <\/div> \n    \t\t\t    \n\t\t\t        <div class=\"content-wrap\">\n\t\t\t            With its S235 JR steel quality and durable electrostatic powder coating\t\t\t        <\/div>\n\t\t\t        \n\t\t\t        \t\t\t    <\/div>\n\t\t    \t\t\t\t<div class=\"master-icon-text list-item\">\n\t\t\t\t        \t\t\t        <div class=\"icon-wrap\">\n    \t\t\t\t        <svg aria-hidden=\"true\" class=\"e-font-icon-svg e-fas-square\" viewbox=\"0 0 448 512\" xmlns=\"http:\/\/www.w3.org\/2000\/svg\"><path d=\"M400 32H48C21.5 32 0 53.5 0 80v352c0 26.5 21.5 48 48 48h352c26.5 0 48-21.5 48-48V80c0-26.5-21.5-48-48-48z\"><\/path><\/svg>    \t\t\t        <\/div> \n    \t\t\t    \n\t\t\t        <div class=\"content-wrap\">\n\t\t\t            ASTM A123 - EN ISO 1461 Galvanizing standard\t\t\t        <\/div>\n\t\t\t        \n\t\t\t        \t\t\t    <\/div>\n\t\t    \t\t<\/div>\n\t\t\t\t\t<\/div>\n\t\t\t\t<\/div>\n\t\t\t\t<div class=\"elementor-element elementor-element-787bb04 elementor-widget elementor-widget-spacer\" data-id=\"787bb04\" data-element_type=\"widget\" data-widget_type=\"spacer.default\">\n\t\t\t\t<div class=\"elementor-widget-container\">\n\t\t\t\t\t\t\t<div class=\"elementor-spacer\">\n\t\t\t<div class=\"elementor-spacer-inner\"><\/div>\n\t\t<\/div>\n\t\t\t\t\t\t<\/div>\n\t\t\t\t<\/div>\n\t\t\t\t<div class=\"elementor-element elementor-element-814c671 elementor-widget__width-auto elementor-widget elementor-widget-mae-button\" data-id=\"814c671\" data-element_type=\"widget\" data-widget_type=\"mae-button.default\">\n\t\t\t\t<div class=\"elementor-widget-container\">\n\t\t\t\t\t\n        \n        <a class=\"master-button btn-outline icon-none small btn-hover-1\" href=\"https:\/\/www.isinaydinlatma.com.tr\/en\/ral-renk-kartelasi\/\" target=\"_blank\">\n\n            <span class=\"inner\">\n                <span class=\"content-base\">\n                                        <span class=\"text\">Ral Color Chart<\/span>\n                                    <\/span>\n\n                <span class=\"content-hover\">\n                                        <span class=\"text\">Ral Color Chart<\/span>\n                                    <\/span>\n            <\/span>\n\n            <span class=\"bg-hover\"><\/span>        <\/a>\n\n        \t\t\t\t<\/div>\n\t\t\t\t<\/div>\n\t\t\t\t\t<\/div>\n\t\t<\/div>\n\t\t\t\t\t<\/div>\n\t\t<\/section>\n\t\t\t\t\t<\/div>\n\t\t<\/div>\n\t\t\t\t\t<\/div>\n\t\t<\/section>\n\t\t<div class=\"elementor-element elementor-element-8937de9 e-flex e-con-boxed elementor-invisible e-con e-parent\" data-id=\"8937de9\" data-element_type=\"container\" data-settings=\"{&quot;animation&quot;:&quot;fadeInUp&quot;}\">\n\t\t\t\t\t<div class=\"e-con-inner\">\n\t\t<div class=\"elementor-element elementor-element-8c01fc2 e-con-full e-flex e-con e-child\" data-id=\"8c01fc2\" data-element_type=\"container\">\n\t\t\t\t<div class=\"elementor-element elementor-element-4aa3535 elementor-widget elementor-widget-heading\" data-id=\"4aa3535\" data-element_type=\"widget\" data-widget_type=\"heading.default\">\n\t\t\t\t<div class=\"elementor-widget-container\">\n\t\t\t\t\t<h2 class=\"elementor-heading-title elementor-size-default\">Descriptions<\/h2>\t\t\t\t<\/div>\n\t\t\t\t<\/div>\n\t\t\t\t<div class=\"elementor-element elementor-element-46b6470 elementor-widget-divider--view-line elementor-widget elementor-widget-divider\" data-id=\"46b6470\" data-element_type=\"widget\" data-widget_type=\"divider.default\">\n\t\t\t\t<div class=\"elementor-widget-container\">\n\t\t\t\t\t\t\t<div class=\"elementor-divider\">\n\t\t\t<span class=\"elementor-divider-separator\">\n\t\t\t\t\t\t<\/span>\n\t\t<\/div>\n\t\t\t\t\t\t<\/div>\n\t\t\t\t<\/div>\n\t\t\t\t<div class=\"elementor-element elementor-element-bae4155 elementor-widget elementor-widget-text-editor\" data-id=\"bae4155\" data-element_type=\"widget\" data-widget_type=\"text-editor.default\">\n\t\t\t\t<div class=\"elementor-widget-container\">\n\t\t\t\t\t\t\t\t\t<p>Smart city systems, which include functions that facilitate community life and meet many needs in people's common living spaces, are used in the following areas.<\/p><ul><li>City \u200b\u200bsquares<\/li><li>Social facilities<\/li><li>Shopping malls<\/li><li>Parks and gardens<\/li><\/ul><p>It facilitates community life with optionally integrated components such as cameras, speakers, armatures, Wi-Fi service providers, USB charging, disabled charging and electric vehicle charging units, and panic buttons on smart poles. <b>kamu g\u00fcvenli\u011fine<\/b> katk\u0131da bulunmaktad\u0131r.<\/p>\t\t\t\t\t\t\t\t<\/div>\n\t\t\t\t<\/div>\n\t\t\t\t<\/div>\n\t\t\t\t\t<\/div>\n\t\t\t\t<\/div>\n\t\t<div class=\"elementor-element elementor-element-746036f e-flex e-con-boxed elementor-invisible e-con e-parent\" data-id=\"746036f\" data-element_type=\"container\" data-settings=\"{&quot;animation&quot;:&quot;fadeInUp&quot;}\">\n\t\t\t\t\t<div class=\"e-con-inner\">\n\t\t<div class=\"elementor-element elementor-element-31feafe e-con-full e-flex e-con e-child\" data-id=\"31feafe\" data-element_type=\"container\">\n\t\t\t\t<div class=\"elementor-element elementor-element-434d100 elementor-widget elementor-widget-heading\" data-id=\"434d100\" data-element_type=\"widget\" data-widget_type=\"heading.default\">\n\t\t\t\t<div class=\"elementor-widget-container\">\n\t\t\t\t\t<h2 class=\"elementor-heading-title elementor-size-default\">Images<\/h2>\t\t\t\t<\/div>\n\t\t\t\t<\/div>\n\t\t\t\t<div class=\"elementor-element elementor-element-8cce7df elementor-widget-divider--view-line elementor-widget elementor-widget-divider\" data-id=\"8cce7df\" data-element_type=\"widget\" data-widget_type=\"divider.default\">\n\t\t\t\t<div class=\"elementor-widget-container\">\n\t\t\t\t\t\t\t<div class=\"elementor-divider\">\n\t\t\t<span class=\"elementor-divider-separator\">\n\t\t\t\t\t\t<\/span>\n\t\t<\/div>\n\t\t\t\t\t\t<\/div>\n\t\t\t\t<\/div>\n\t\t\t\t<\/div>\n\t\t\t\t\t<\/div>\n\t\t\t\t<\/div>\n\t\t<div class=\"elementor-element elementor-element-6ebfc7e e-flex e-con-boxed elementor-invisible e-con e-parent\" data-id=\"6ebfc7e\" data-element_type=\"container\" data-settings=\"{&quot;animation&quot;:&quot;fadeInUp&quot;}\">\n\t\t\t\t\t<div class=\"e-con-inner\">\n\t\t\t\t<div class=\"elementor-element elementor-element-5d06780 elementor-widget elementor-widget-image\" data-id=\"5d06780\" data-element_type=\"widget\" data-widget_type=\"image.default\">\n\t\t\t\t<div class=\"elementor-widget-container\">\n\t\t\t\t\t\t\t\t\t\t\t\t\t\t\t\t<a href=\"https:\/\/www.isinaydinlatma.com.tr\/wp-content\/uploads\/2024\/04\/akilli-sehir-sistemleri-02.jpg\">\n\t\t\t\t\t\t\t<img decoding=\"async\" width=\"960\" height=\"540\" src=\"https:\/\/www.isinaydinlatma.com.tr\/wp-content\/uploads\/2024\/04\/akilli-sehir-sistemleri-02.jpg\" class=\"attachment-mae-project size-mae-project wp-image-11192\" alt=\"\" srcset=\"https:\/\/www.isinaydinlatma.com.tr\/wp-content\/uploads\/2024\/04\/akilli-sehir-sistemleri-02.jpg 1920w, https:\/\/www.isinaydinlatma.com.tr\/wp-content\/uploads\/2024\/04\/akilli-sehir-sistemleri-02-300x169.jpg 300w, https:\/\/www.isinaydinlatma.com.tr\/wp-content\/uploads\/2024\/04\/akilli-sehir-sistemleri-02-1024x576.jpg 1024w, https:\/\/www.isinaydinlatma.com.tr\/wp-content\/uploads\/2024\/04\/akilli-sehir-sistemleri-02-768x432.jpg 768w\" sizes=\"(max-width: 960px) 100vw, 960px\" \/>\t\t\t\t\t\t\t\t<\/a>\n\t\t\t\t\t\t\t\t\t\t\t\t\t\t\t<\/div>\n\t\t\t\t<\/div>\n\t\t\t\t\t<\/div>\n\t\t\t\t<\/div>\n\t\t\t\t<\/div>","protected":false},"excerpt":{"rendered":"<p>Ak\u0131ll\u0131 \u015eehir Sistemleri Anasayfa \/ Ak\u0131ll\u0131 \u015eehir Sistemleri Ak\u0131ll\u0131 \u015eehir Sistemleri Tek konsollu Y\u00fckseklik 3 &#8211; 8 m aras\u0131 Geni\u015flik 1,2 m S235 JR \u00e7elik kalitesi ASTM A123 &#8211; EN ISO 1461 Galvanizleme standard\u0131 Ral Renk Kartelas\u0131 Ral Renk Kartelas\u0131 A\u00e7\u0131klamalar \u0130nsanlar\u0131n ortak ya\u015fam alanlar\u0131nda, toplum hayat\u0131n\u0131 kolayla\u015ft\u0131ran ve bir\u00e7ok<\/p>","protected":false},"featured_media":0,"comment_status":"closed","ping_status":"closed","template":"","meta":{"inline_featured_image":false},"product_brand":[],"product_cat":[15],"product_tag":[],"class_list":{"0":"post-11173","1":"product","2":"type-product","3":"status-publish","5":"product_cat-uncategorized","7":"first","8":"instock","9":"shipping-taxable","10":"product-type-simple"},"yoast_head":"<!-- This site is optimized with the Yoast SEO plugin v24.9 - https:\/\/yoast.com\/wordpress\/plugins\/seo\/ -->\n<title>Ak\u0131ll\u0131 \u015eehir Sistemleri - I\u015f\u0131n Ayd\u0131nlatma<\/title>\n<meta name=\"robots\" content=\"index, follow, max-snippet:-1, max-image-preview:large, max-video-preview:-1\" \/>\n<link rel=\"canonical\" href=\"https:\/\/www.isinaydinlatma.com.tr\/en\/product\/akilli-sehir-sistemleri\/\" \/>\n<meta property=\"og:locale\" content=\"en_GB\" \/>\n<meta property=\"og:type\" content=\"article\" \/>\n<meta property=\"og:title\" content=\"Ak\u0131ll\u0131 \u015eehir Sistemleri - I\u015f\u0131n Ayd\u0131nlatma\" \/>\n<meta property=\"og:description\" content=\"Ak\u0131ll\u0131 \u015eehir Sistemleri Anasayfa \/ Ak\u0131ll\u0131 \u015eehir Sistemleri Ak\u0131ll\u0131 \u015eehir Sistemleri Tek konsollu Y\u00fckseklik 3 &#8211; 8 m aras\u0131 Geni\u015flik 1,2 m S235 JR \u00e7elik kalitesi ASTM A123 &#8211; EN ISO 1461 Galvanizleme standard\u0131 Ral Renk Kartelas\u0131 Ral Renk Kartelas\u0131 A\u00e7\u0131klamalar \u0130nsanlar\u0131n ortak ya\u015fam alanlar\u0131nda, toplum hayat\u0131n\u0131 kolayla\u015ft\u0131ran ve bir\u00e7ok\" \/>\n<meta property=\"og:url\" content=\"https:\/\/www.isinaydinlatma.com.tr\/en\/product\/akilli-sehir-sistemleri\/\" \/>\n<meta property=\"og:site_name\" content=\"I\u015f\u0131n Ayd\u0131nlatma\" \/>\n<meta property=\"article:modified_time\" content=\"2025-04-18T12:37:50+00:00\" \/>\n<meta property=\"og:image\" content=\"https:\/\/www.isinaydinlatma.com.tr\/wp-content\/uploads\/2024\/04\/akilli-sehir-sistemleri-01.jpg\" \/>\n<meta name=\"twitter:card\" content=\"summary_large_image\" \/>\n<meta name=\"twitter:label1\" content=\"Estimated reading time\" \/>\n\t<meta name=\"twitter:data1\" content=\"1 minute\" \/>\n<script type=\"application\/ld+json\" class=\"yoast-schema-graph\">{\"@context\":\"https:\/\/schema.org\",\"@graph\":[{\"@type\":\"WebPage\",\"@id\":\"https:\/\/www.isinaydinlatma.com.tr\/en\/product\/akilli-sehir-sistemleri\/\",\"url\":\"https:\/\/www.isinaydinlatma.com.tr\/en\/product\/akilli-sehir-sistemleri\/\",\"name\":\"Ak\u0131ll\u0131 \u015eehir Sistemleri - I\u015f\u0131n Ayd\u0131nlatma\",\"isPartOf\":{\"@id\":\"https:\/\/www.isinaydinlatma.com.tr\/en\/#website\"},\"primaryImageOfPage\":{\"@id\":\"https:\/\/www.isinaydinlatma.com.tr\/en\/product\/akilli-sehir-sistemleri\/#primaryimage\"},\"image\":{\"@id\":\"https:\/\/www.isinaydinlatma.com.tr\/en\/product\/akilli-sehir-sistemleri\/#primaryimage\"},\"thumbnailUrl\":\"https:\/\/www.isinaydinlatma.com.tr\/wp-content\/uploads\/2024\/04\/akilli-sehir-sistemleri-01.jpg\",\"datePublished\":\"2024-04-05T11:15:48+00:00\",\"dateModified\":\"2025-04-18T12:37:50+00:00\",\"breadcrumb\":{\"@id\":\"https:\/\/www.isinaydinlatma.com.tr\/en\/product\/akilli-sehir-sistemleri\/#breadcrumb\"},\"inLanguage\":\"en-GB\",\"potentialAction\":[{\"@type\":\"ReadAction\",\"target\":[\"https:\/\/www.isinaydinlatma.com.tr\/en\/product\/akilli-sehir-sistemleri\/\"]}]},{\"@type\":\"ImageObject\",\"inLanguage\":\"en-GB\",\"@id\":\"https:\/\/www.isinaydinlatma.com.tr\/en\/product\/akilli-sehir-sistemleri\/#primaryimage\",\"url\":\"https:\/\/www.isinaydinlatma.com.tr\/wp-content\/uploads\/2024\/04\/akilli-sehir-sistemleri-01.jpg\",\"contentUrl\":\"https:\/\/www.isinaydinlatma.com.tr\/wp-content\/uploads\/2024\/04\/akilli-sehir-sistemleri-01.jpg\"},{\"@type\":\"BreadcrumbList\",\"@id\":\"https:\/\/www.isinaydinlatma.com.tr\/en\/product\/akilli-sehir-sistemleri\/#breadcrumb\",\"itemListElement\":[{\"@type\":\"ListItem\",\"position\":1,\"name\":\"Anasayfa\",\"item\":\"https:\/\/www.isinaydinlatma.com.tr\/\"},{\"@type\":\"ListItem\",\"position\":2,\"name\":\"Cart\",\"item\":\"https:\/\/www.isinaydinlatma.com.tr\/cart\/\"},{\"@type\":\"ListItem\",\"position\":3,\"name\":\"Ak\u0131ll\u0131 \u015eehir Sistemleri\"}]},{\"@type\":\"WebSite\",\"@id\":\"https:\/\/www.isinaydinlatma.com.tr\/en\/#website\",\"url\":\"https:\/\/www.isinaydinlatma.com.tr\/en\/\",\"name\":\"I\u015f\u0131n Ayd\u0131nlatma\",\"description\":\"\",\"potentialAction\":[{\"@type\":\"SearchAction\",\"target\":{\"@type\":\"EntryPoint\",\"urlTemplate\":\"https:\/\/www.isinaydinlatma.com.tr\/en\/?s={search_term_string}\"},\"query-input\":{\"@type\":\"PropertyValueSpecification\",\"valueRequired\":true,\"valueName\":\"search_term_string\"}}],\"inLanguage\":\"en-GB\"}]}<\/script>\n<!-- \/ Yoast SEO plugin. -->","yoast_head_json":{"title":"Ak\u0131ll\u0131 \u015eehir Sistemleri - I\u015f\u0131n Ayd\u0131nlatma","robots":{"index":"index","follow":"follow","max-snippet":"max-snippet:-1","max-image-preview":"max-image-preview:large","max-video-preview":"max-video-preview:-1"},"canonical":"https:\/\/www.isinaydinlatma.com.tr\/en\/product\/akilli-sehir-sistemleri\/","og_locale":"en_GB","og_type":"article","og_title":"Ak\u0131ll\u0131 \u015eehir Sistemleri - I\u015f\u0131n Ayd\u0131nlatma","og_description":"Ak\u0131ll\u0131 \u015eehir Sistemleri Anasayfa \/ Ak\u0131ll\u0131 \u015eehir Sistemleri Ak\u0131ll\u0131 \u015eehir Sistemleri Tek konsollu Y\u00fckseklik 3 &#8211; 8 m aras\u0131 Geni\u015flik 1,2 m S235 JR \u00e7elik kalitesi ASTM A123 &#8211; EN ISO 1461 Galvanizleme standard\u0131 Ral Renk Kartelas\u0131 Ral Renk Kartelas\u0131 A\u00e7\u0131klamalar \u0130nsanlar\u0131n ortak ya\u015fam alanlar\u0131nda, toplum hayat\u0131n\u0131 kolayla\u015ft\u0131ran ve bir\u00e7ok","og_url":"https:\/\/www.isinaydinlatma.com.tr\/en\/product\/akilli-sehir-sistemleri\/","og_site_name":"I\u015f\u0131n Ayd\u0131nlatma","article_modified_time":"2025-04-18T12:37:50+00:00","og_image":[{"url":"https:\/\/www.isinaydinlatma.com.tr\/wp-content\/uploads\/2024\/04\/akilli-sehir-sistemleri-01.jpg","type":"","width":"","height":""}],"twitter_card":"summary_large_image","twitter_misc":{"Estimated reading time":"1 minute"},"schema":{"@context":"https:\/\/schema.org","@graph":[{"@type":"WebPage","@id":"https:\/\/www.isinaydinlatma.com.tr\/en\/product\/akilli-sehir-sistemleri\/","url":"https:\/\/www.isinaydinlatma.com.tr\/en\/product\/akilli-sehir-sistemleri\/","name":"Ak\u0131ll\u0131 \u015eehir Sistemleri - I\u015f\u0131n Ayd\u0131nlatma","isPartOf":{"@id":"https:\/\/www.isinaydinlatma.com.tr\/en\/#website"},"primaryImageOfPage":{"@id":"https:\/\/www.isinaydinlatma.com.tr\/en\/product\/akilli-sehir-sistemleri\/#primaryimage"},"image":{"@id":"https:\/\/www.isinaydinlatma.com.tr\/en\/product\/akilli-sehir-sistemleri\/#primaryimage"},"thumbnailUrl":"https:\/\/www.isinaydinlatma.com.tr\/wp-content\/uploads\/2024\/04\/akilli-sehir-sistemleri-01.jpg","datePublished":"2024-04-05T11:15:48+00:00","dateModified":"2025-04-18T12:37:50+00:00","breadcrumb":{"@id":"https:\/\/www.isinaydinlatma.com.tr\/en\/product\/akilli-sehir-sistemleri\/#breadcrumb"},"inLanguage":"en-GB","potentialAction":[{"@type":"ReadAction","target":["https:\/\/www.isinaydinlatma.com.tr\/en\/product\/akilli-sehir-sistemleri\/"]}]},{"@type":"ImageObject","inLanguage":"en-GB","@id":"https:\/\/www.isinaydinlatma.com.tr\/en\/product\/akilli-sehir-sistemleri\/#primaryimage","url":"https:\/\/www.isinaydinlatma.com.tr\/wp-content\/uploads\/2024\/04\/akilli-sehir-sistemleri-01.jpg","contentUrl":"https:\/\/www.isinaydinlatma.com.tr\/wp-content\/uploads\/2024\/04\/akilli-sehir-sistemleri-01.jpg"},{"@type":"BreadcrumbList","@id":"https:\/\/www.isinaydinlatma.com.tr\/en\/product\/akilli-sehir-sistemleri\/#breadcrumb","itemListElement":[{"@type":"ListItem","position":1,"name":"Anasayfa","item":"https:\/\/www.isinaydinlatma.com.tr\/"},{"@type":"ListItem","position":2,"name":"Cart","item":"https:\/\/www.isinaydinlatma.com.tr\/cart\/"},{"@type":"ListItem","position":3,"name":"Ak\u0131ll\u0131 \u015eehir Sistemleri"}]},{"@type":"WebSite","@id":"https:\/\/www.isinaydinlatma.com.tr\/en\/#website","url":"https:\/\/www.isinaydinlatma.com.tr\/en\/","name":"I\u015f\u0131n Ayd\u0131nlatma","description":"","potentialAction":[{"@type":"SearchAction","target":{"@type":"EntryPoint","urlTemplate":"https:\/\/www.isinaydinlatma.com.tr\/en\/?s={search_term_string}"},"query-input":{"@type":"PropertyValueSpecification","valueRequired":true,"valueName":"search_term_string"}}],"inLanguage":"en-GB"}]}},"_links":{"self":[{"href":"https:\/\/www.isinaydinlatma.com.tr\/en\/wp-json\/wp\/v2\/product\/11173","targetHints":{"allow":["GET"]}}],"collection":[{"href":"https:\/\/www.isinaydinlatma.com.tr\/en\/wp-json\/wp\/v2\/product"}],"about":[{"href":"https:\/\/www.isinaydinlatma.com.tr\/en\/wp-json\/wp\/v2\/types\/product"}],"replies":[{"embeddable":true,"href":"https:\/\/www.isinaydinlatma.com.tr\/en\/wp-json\/wp\/v2\/comments?post=11173"}],"version-history":[{"count":0,"href":"https:\/\/www.isinaydinlatma.com.tr\/en\/wp-json\/wp\/v2\/product\/11173\/revisions"}],"wp:attachment":[{"href":"https:\/\/www.isinaydinlatma.com.tr\/en\/wp-json\/wp\/v2\/media?parent=11173"}],"wp:term":[{"taxonomy":"product_brand","embeddable":true,"href":"https:\/\/www.isinaydinlatma.com.tr\/en\/wp-json\/wp\/v2\/product_brand?post=11173"},{"taxonomy":"product_cat","embeddable":true,"href":"https:\/\/www.isinaydinlatma.com.tr\/en\/wp-json\/wp\/v2\/product_cat?post=11173"},{"taxonomy":"product_tag","embeddable":true,"href":"https:\/\/www.isinaydinlatma.com.tr\/en\/wp-json\/wp\/v2\/product_tag?post=11173"}],"curies":[{"name":"wp","href":"https:\/\/api.w.org\/{rel}","templated":true}]}}