{"id":11196,"date":"2024-04-05T14:40:24","date_gmt":"2024-04-05T11:40:24","guid":{"rendered":"https:\/\/www.isinaydinlatma.com.tr\/?page_id=11196"},"modified":"2025-04-18T15:38:19","modified_gmt":"2025-04-18T12:38:19","slug":"bayrak-direkleri","status":"publish","type":"product","link":"https:\/\/www.isinaydinlatma.com.tr\/en\/product\/bayrak-direkleri\/","title":{"rendered":"Flagpoles"},"content":{"rendered":"<div data-elementor-type=\"wp-page\" data-elementor-id=\"11196\" class=\"elementor elementor-11196\" data-elementor-post-type=\"product\">\n\t\t\t\t<div class=\"elementor-element elementor-element-78886158 animated-fast e-flex e-con-boxed elementor-invisible e-con e-parent\" data-id=\"78886158\" data-element_type=\"container\" data-settings=\"{&quot;background_background&quot;:&quot;classic&quot;,&quot;animation&quot;:&quot;fadeInUp&quot;}\">\n\t\t\t\t\t<div class=\"e-con-inner\">\n\t\t\t\t<div class=\"elementor-element elementor-element-3f8677f elementor-widget elementor-widget-spacer\" data-id=\"3f8677f\" data-element_type=\"widget\" data-widget_type=\"spacer.default\">\n\t\t\t\t<div class=\"elementor-widget-container\">\n\t\t\t\t\t\t\t<div class=\"elementor-spacer\">\n\t\t\t<div class=\"elementor-spacer-inner\"><\/div>\n\t\t<\/div>\n\t\t\t\t\t\t<\/div>\n\t\t\t\t<\/div>\n\t\t\t\t<div class=\"elementor-element elementor-element-4611425 elementor-widget elementor-widget-spacer\" data-id=\"4611425\" data-element_type=\"widget\" data-widget_type=\"spacer.default\">\n\t\t\t\t<div class=\"elementor-widget-container\">\n\t\t\t\t\t\t\t<div class=\"elementor-spacer\">\n\t\t\t<div class=\"elementor-spacer-inner\"><\/div>\n\t\t<\/div>\n\t\t\t\t\t\t<\/div>\n\t\t\t\t<\/div>\n\t\t\t\t<div class=\"elementor-element elementor-element-18f05ecb elementor-widget elementor-widget-heading\" data-id=\"18f05ecb\" data-element_type=\"widget\" data-widget_type=\"heading.default\">\n\t\t\t\t<div class=\"elementor-widget-container\">\n\t\t\t\t\t<h1 class=\"elementor-heading-title elementor-size-default\">Flagpoles<\/h1>\t\t\t\t<\/div>\n\t\t\t\t<\/div>\n\t\t\t\t\t<\/div>\n\t\t\t\t<\/div>\n\t\t\t\t<section class=\"elementor-section elementor-top-section elementor-element elementor-element-ae4ec9e elementor-section-boxed elementor-section-height-default elementor-section-height-default elementor-invisible\" data-id=\"ae4ec9e\" data-element_type=\"section\" data-settings=\"{&quot;animation&quot;:&quot;fadeInUp&quot;}\">\n\t\t\t\t\t\t<div class=\"elementor-container elementor-column-gap-no\">\n\t\t\t\t\t<div class=\"elementor-column elementor-col-100 elementor-top-column elementor-element elementor-element-3469a70\" data-id=\"3469a70\" data-element_type=\"column\">\n\t\t\t<div class=\"elementor-widget-wrap elementor-element-populated\">\n\t\t\t\t\t\t<div class=\"elementor-element elementor-element-341ced5 elementor-widget elementor-widget-spacer\" data-id=\"341ced5\" data-element_type=\"widget\" data-widget_type=\"spacer.default\">\n\t\t\t\t<div class=\"elementor-widget-container\">\n\t\t\t\t\t\t\t<div class=\"elementor-spacer\">\n\t\t\t<div class=\"elementor-spacer-inner\"><\/div>\n\t\t<\/div>\n\t\t\t\t\t\t<\/div>\n\t\t\t\t<\/div>\n\t\t\t\t<div class=\"elementor-element elementor-element-7fb42d8 elementor-widget elementor-widget-text-editor\" data-id=\"7fb42d8\" data-element_type=\"widget\" data-settings=\"{&quot;_animation&quot;:&quot;none&quot;}\" data-widget_type=\"text-editor.default\">\n\t\t\t\t<div class=\"elementor-widget-container\">\n\t\t\t\t\t\t\t\t\t<a href=\"https:\/\/www.isinaydinlatma.com.tr\/en\/\">Home<\/a> \/ Flagpoles\t\t\t\t\t\t\t\t<\/div>\n\t\t\t\t<\/div>\n\t\t\t\t<div class=\"elementor-element elementor-element-f2bff2a elementor-widget elementor-widget-spacer\" data-id=\"f2bff2a\" data-element_type=\"widget\" data-widget_type=\"spacer.default\">\n\t\t\t\t<div class=\"elementor-widget-container\">\n\t\t\t\t\t\t\t<div class=\"elementor-spacer\">\n\t\t\t<div class=\"elementor-spacer-inner\"><\/div>\n\t\t<\/div>\n\t\t\t\t\t\t<\/div>\n\t\t\t\t<\/div>\n\t\t\t\t<section class=\"elementor-section elementor-inner-section elementor-element elementor-element-9dc9e93 elementor-section-boxed elementor-section-height-default elementor-section-height-default\" data-id=\"9dc9e93\" data-element_type=\"section\">\n\t\t\t\t\t\t<div class=\"elementor-container elementor-column-gap-default\">\n\t\t\t\t\t<div class=\"elementor-column elementor-col-100 elementor-inner-column elementor-element elementor-element-cf55aac\" data-id=\"cf55aac\" data-element_type=\"column\">\n\t\t\t<div class=\"elementor-widget-wrap elementor-element-populated\">\n\t\t\t\t\t\t<div class=\"elementor-element elementor-element-6480d05 elementor-widget elementor-widget-text-editor\" data-id=\"6480d05\" data-element_type=\"widget\" data-widget_type=\"text-editor.default\">\n\t\t\t\t<div class=\"elementor-widget-container\">\n\t\t\t\t\t\t\t\t\t<p>Flagpoles are produced at the desired height according to customer demand. Static design is made according to ASCE manual 72. Poles up to 12 m are produced as a single body, while poles longer than 12 m are formed by tightly interlocking polygonal modules. There is a square base flange suitable for anchored foundation installation, the dimensions of which vary according to height. Long-lasting hot-dip galvanizing process is applied to flagpoles against corrosion in accordance with TS EN ISO 141 standards, and if desired, painting is applied over the galvanization.<\/p><p>The flag system is optionally produced with external rope or internal rope. Internal rope systems allow the flag to rotate 360 \u200b\u200bdegrees with the wind at its peak. (endless rotating system) This system is produced with a manual pulley or an electric elevator, depending on the height of the pole.<\/p>\t\t\t\t\t\t\t\t<\/div>\n\t\t\t\t<\/div>\n\t\t\t\t\t<\/div>\n\t\t<\/div>\n\t\t\t\t\t<\/div>\n\t\t<\/section>\n\t\t\t\t\t<\/div>\n\t\t<\/div>\n\t\t\t\t\t<\/div>\n\t\t<\/section>\n\t\t<div class=\"elementor-element elementor-element-746036f e-flex e-con-boxed elementor-invisible e-con e-parent\" data-id=\"746036f\" data-element_type=\"container\" data-settings=\"{&quot;animation&quot;:&quot;fadeInUp&quot;}\">\n\t\t\t\t\t<div class=\"e-con-inner\">\n\t\t<div class=\"elementor-element elementor-element-31feafe e-con-full e-flex e-con e-child\" data-id=\"31feafe\" data-element_type=\"container\">\n\t\t\t\t<div class=\"elementor-element elementor-element-434d100 elementor-widget elementor-widget-heading\" data-id=\"434d100\" data-element_type=\"widget\" data-widget_type=\"heading.default\">\n\t\t\t\t<div class=\"elementor-widget-container\">\n\t\t\t\t\t<h2 class=\"elementor-heading-title elementor-size-default\">Images<\/h2>\t\t\t\t<\/div>\n\t\t\t\t<\/div>\n\t\t\t\t<div class=\"elementor-element elementor-element-8cce7df elementor-widget-divider--view-line elementor-widget elementor-widget-divider\" data-id=\"8cce7df\" data-element_type=\"widget\" data-widget_type=\"divider.default\">\n\t\t\t\t<div class=\"elementor-widget-container\">\n\t\t\t\t\t\t\t<div class=\"elementor-divider\">\n\t\t\t<span class=\"elementor-divider-separator\">\n\t\t\t\t\t\t<\/span>\n\t\t<\/div>\n\t\t\t\t\t\t<\/div>\n\t\t\t\t<\/div>\n\t\t\t\t<\/div>\n\t\t\t\t\t<\/div>\n\t\t\t\t<\/div>\n\t\t<div class=\"elementor-element elementor-element-6ebfc7e e-flex e-con-boxed elementor-invisible e-con e-parent\" data-id=\"6ebfc7e\" data-element_type=\"container\" data-settings=\"{&quot;animation&quot;:&quot;fadeInUp&quot;}\">\n\t\t\t\t\t<div class=\"e-con-inner\">\n\t\t<div class=\"elementor-element elementor-element-74b6433 e-flex e-con-boxed elementor-invisible e-con e-child\" data-id=\"74b6433\" data-element_type=\"container\" data-settings=\"{&quot;animation&quot;:&quot;fadeInUp&quot;}\">\n\t\t\t\t\t<div class=\"e-con-inner\">\n\t\t\t\t<div class=\"elementor-element elementor-element-feb36ee elementor-widget elementor-widget-image\" data-id=\"feb36ee\" data-element_type=\"widget\" data-widget_type=\"image.default\">\n\t\t\t\t<div class=\"elementor-widget-container\">\n\t\t\t\t\t\t\t\t\t\t\t\t<figure class=\"wp-caption\">\n\t\t\t\t\t\t\t\t\t\t\t<a href=\"https:\/\/www.isinaydinlatma.com.tr\/wp-content\/uploads\/2024\/04\/bayrak-direkleri-01.jpg\">\n\t\t\t\t\t\t\t<img fetchpriority=\"high\" decoding=\"async\" width=\"960\" height=\"540\" src=\"https:\/\/www.isinaydinlatma.com.tr\/wp-content\/uploads\/2024\/04\/bayrak-direkleri-01.jpg\" class=\"attachment-mae-project size-mae-project wp-image-11214\" alt=\"\" srcset=\"https:\/\/www.isinaydinlatma.com.tr\/wp-content\/uploads\/2024\/04\/bayrak-direkleri-01.jpg 1920w, https:\/\/www.isinaydinlatma.com.tr\/wp-content\/uploads\/2024\/04\/bayrak-direkleri-01-300x169.jpg 300w, https:\/\/www.isinaydinlatma.com.tr\/wp-content\/uploads\/2024\/04\/bayrak-direkleri-01-1024x576.jpg 1024w, https:\/\/www.isinaydinlatma.com.tr\/wp-content\/uploads\/2024\/04\/bayrak-direkleri-01-768x432.jpg 768w\" sizes=\"(max-width: 960px) 100vw, 960px\" \/>\t\t\t\t\t\t\t\t<\/a>\n\t\t\t\t\t\t\t\t\t\t\t<figcaption class=\"widget-image-caption wp-caption-text\">Bodrum Castle<\/figcaption>\n\t\t\t\t\t\t\t\t\t\t<\/figure>\n\t\t\t\t\t\t\t\t\t<\/div>\n\t\t\t\t<\/div>\n\t\t\t\t\t<\/div>\n\t\t\t\t<\/div>\n\t\t\t\t\t<\/div>\n\t\t\t\t<\/div>\n\t\t<div class=\"elementor-element elementor-element-bd125dd e-flex e-con-boxed elementor-invisible e-con e-parent\" data-id=\"bd125dd\" data-element_type=\"container\" data-settings=\"{&quot;animation&quot;:&quot;fadeInUp&quot;}\">\n\t\t\t\t\t<div class=\"e-con-inner\">\n\t\t<div class=\"elementor-element elementor-element-db791de e-flex e-con-boxed elementor-invisible e-con e-child\" data-id=\"db791de\" data-element_type=\"container\" data-settings=\"{&quot;animation&quot;:&quot;fadeInUp&quot;}\">\n\t\t\t\t\t<div class=\"e-con-inner\">\n\t\t<div class=\"elementor-element elementor-element-925d67e e-con-full e-flex e-con e-child\" data-id=\"925d67e\" data-element_type=\"container\">\n\t\t\t\t<div class=\"elementor-element elementor-element-25ff66d elementor-widget elementor-widget-image\" data-id=\"25ff66d\" data-element_type=\"widget\" data-widget_type=\"image.default\">\n\t\t\t\t<div class=\"elementor-widget-container\">\n\t\t\t\t\t\t\t\t\t\t\t\t<figure class=\"wp-caption\">\n\t\t\t\t\t\t\t\t\t\t\t<a href=\"https:\/\/www.isinaydinlatma.com.tr\/wp-content\/uploads\/2024\/04\/bayrak-direkleri-02.jpg\">\n\t\t\t\t\t\t\t<img decoding=\"async\" width=\"400\" height=\"600\" src=\"https:\/\/www.isinaydinlatma.com.tr\/wp-content\/uploads\/2024\/04\/bayrak-direkleri-02.jpg\" class=\"attachment-mae-project size-mae-project wp-image-11221\" alt=\"\" srcset=\"https:\/\/www.isinaydinlatma.com.tr\/wp-content\/uploads\/2024\/04\/bayrak-direkleri-02.jpg 400w, https:\/\/www.isinaydinlatma.com.tr\/wp-content\/uploads\/2024\/04\/bayrak-direkleri-02-200x300.jpg 200w\" sizes=\"(max-width: 400px) 100vw, 400px\" \/>\t\t\t\t\t\t\t\t<\/a>\n\t\t\t\t\t\t\t\t\t\t\t<figcaption class=\"widget-image-caption wp-caption-text\">TJK \u0130stanbul<\/figcaption>\n\t\t\t\t\t\t\t\t\t\t<\/figure>\n\t\t\t\t\t\t\t\t\t<\/div>\n\t\t\t\t<\/div>\n\t\t\t\t<\/div>\n\t\t<div class=\"elementor-element elementor-element-c06de0e e-con-full e-flex e-con e-child\" data-id=\"c06de0e\" data-element_type=\"container\">\n\t\t\t\t<div class=\"elementor-element elementor-element-56f5f96 elementor-widget elementor-widget-image\" data-id=\"56f5f96\" data-element_type=\"widget\" data-widget_type=\"image.default\">\n\t\t\t\t<div class=\"elementor-widget-container\">\n\t\t\t\t\t\t\t\t\t\t\t\t<figure class=\"wp-caption\">\n\t\t\t\t\t\t\t\t\t\t\t<a href=\"https:\/\/www.isinaydinlatma.com.tr\/wp-content\/uploads\/2024\/04\/bayrak-direkleri-03.jpg\">\n\t\t\t\t\t\t\t<img decoding=\"async\" width=\"400\" height=\"600\" src=\"https:\/\/www.isinaydinlatma.com.tr\/wp-content\/uploads\/2024\/04\/bayrak-direkleri-03.jpg\" class=\"attachment-mae-project size-mae-project wp-image-11222\" alt=\"\" srcset=\"https:\/\/www.isinaydinlatma.com.tr\/wp-content\/uploads\/2024\/04\/bayrak-direkleri-03.jpg 400w, https:\/\/www.isinaydinlatma.com.tr\/wp-content\/uploads\/2024\/04\/bayrak-direkleri-03-200x300.jpg 200w\" sizes=\"(max-width: 400px) 100vw, 400px\" \/>\t\t\t\t\t\t\t\t<\/a>\n\t\t\t\t\t\t\t\t\t\t\t<figcaption class=\"widget-image-caption wp-caption-text\">Bodrum Tav\u015fanl\u0131<\/figcaption>\n\t\t\t\t\t\t\t\t\t\t<\/figure>\n\t\t\t\t\t\t\t\t\t<\/div>\n\t\t\t\t<\/div>\n\t\t\t\t<\/div>\n\t\t\t\t\t<\/div>\n\t\t\t\t<\/div>\n\t\t\t\t\t<\/div>\n\t\t\t\t<\/div>\n\t\t\t\t<\/div>","protected":false},"excerpt":{"rendered":"<p>Bayrak Direkleri Anasayfa \/ Bayrak Direkleri Bayrak direkleri m\u00fc\u015fteri talebine g\u00f6re istenilen y\u00fckseklikte \u00fcretilmektedir. Statik tasar\u0131m ASCE manuel 72 ye g\u00f6re yap\u0131lmaktad\u0131r. 12 m&#8217;ye kadar olan direkler tek g\u00f6vde olarak \u00fcretilmekte, 12 m&#8217;den uzun direkler ise poligonal mod\u00fcllerin i\u00e7 i\u00e7e s\u0131k\u0131 ge\u00e7mesiyle olu\u015fturulmaktad\u0131r. Boyutlar\u0131 y\u00fcksekli\u011fe g\u00f6re de\u011fi\u015fen ankrajl\u0131 temel montaj\u0131na<\/p>","protected":false},"featured_media":0,"comment_status":"closed","ping_status":"closed","template":"","meta":{"inline_featured_image":false},"product_brand":[],"product_cat":[],"product_tag":[],"class_list":{"0":"post-11196","1":"product","2":"type-product","3":"status-publish","6":"first","7":"instock","8":"shipping-taxable","9":"product-type-simple"},"yoast_head":"<!-- This site is optimized with the Yoast SEO plugin v24.9 - https:\/\/yoast.com\/wordpress\/plugins\/seo\/ -->\n<title>Bayrak Direkleri - I\u015f\u0131n Ayd\u0131nlatma<\/title>\n<meta name=\"robots\" content=\"index, follow, max-snippet:-1, max-image-preview:large, max-video-preview:-1\" \/>\n<link rel=\"canonical\" href=\"https:\/\/www.isinaydinlatma.com.tr\/en\/product\/bayrak-direkleri\/\" \/>\n<meta property=\"og:locale\" content=\"en_GB\" \/>\n<meta property=\"og:type\" content=\"article\" \/>\n<meta property=\"og:title\" content=\"Bayrak Direkleri - I\u015f\u0131n Ayd\u0131nlatma\" \/>\n<meta property=\"og:description\" content=\"Bayrak Direkleri Anasayfa \/ Bayrak Direkleri Bayrak direkleri m\u00fc\u015fteri talebine g\u00f6re istenilen y\u00fckseklikte \u00fcretilmektedir. Statik tasar\u0131m ASCE manuel 72 ye g\u00f6re yap\u0131lmaktad\u0131r. 12 m&#8217;ye kadar olan direkler tek g\u00f6vde olarak \u00fcretilmekte, 12 m&#8217;den uzun direkler ise poligonal mod\u00fcllerin i\u00e7 i\u00e7e s\u0131k\u0131 ge\u00e7mesiyle olu\u015fturulmaktad\u0131r. Boyutlar\u0131 y\u00fcksekli\u011fe g\u00f6re de\u011fi\u015fen ankrajl\u0131 temel montaj\u0131na\" \/>\n<meta property=\"og:url\" content=\"https:\/\/www.isinaydinlatma.com.tr\/en\/product\/bayrak-direkleri\/\" \/>\n<meta property=\"og:site_name\" content=\"I\u015f\u0131n Ayd\u0131nlatma\" \/>\n<meta property=\"article:modified_time\" content=\"2025-04-18T12:38:19+00:00\" \/>\n<meta property=\"og:image\" content=\"https:\/\/www.isinaydinlatma.com.tr\/wp-content\/uploads\/2024\/04\/bayrak-direkleri-01.jpg\" \/>\n<meta name=\"twitter:card\" content=\"summary_large_image\" \/>\n<meta name=\"twitter:label1\" content=\"Estimated reading time\" \/>\n\t<meta name=\"twitter:data1\" content=\"1 minute\" \/>\n<script type=\"application\/ld+json\" class=\"yoast-schema-graph\">{\"@context\":\"https:\/\/schema.org\",\"@graph\":[{\"@type\":\"WebPage\",\"@id\":\"https:\/\/www.isinaydinlatma.com.tr\/urun\/bayrak-direkleri\/\",\"url\":\"https:\/\/www.isinaydinlatma.com.tr\/urun\/bayrak-direkleri\/\",\"name\":\"Bayrak Direkleri - I\u015f\u0131n Ayd\u0131nlatma\",\"isPartOf\":{\"@id\":\"https:\/\/www.isinaydinlatma.com.tr\/en\/#website\"},\"primaryImageOfPage\":{\"@id\":\"https:\/\/www.isinaydinlatma.com.tr\/urun\/bayrak-direkleri\/#primaryimage\"},\"image\":{\"@id\":\"https:\/\/www.isinaydinlatma.com.tr\/urun\/bayrak-direkleri\/#primaryimage\"},\"thumbnailUrl\":\"https:\/\/www.isinaydinlatma.com.tr\/wp-content\/uploads\/2024\/04\/bayrak-direkleri-01.jpg\",\"datePublished\":\"2024-04-05T11:40:24+00:00\",\"dateModified\":\"2025-04-18T12:38:19+00:00\",\"breadcrumb\":{\"@id\":\"https:\/\/www.isinaydinlatma.com.tr\/urun\/bayrak-direkleri\/#breadcrumb\"},\"inLanguage\":\"en-GB\",\"potentialAction\":[{\"@type\":\"ReadAction\",\"target\":[\"https:\/\/www.isinaydinlatma.com.tr\/urun\/bayrak-direkleri\/\"]}]},{\"@type\":\"ImageObject\",\"inLanguage\":\"en-GB\",\"@id\":\"https:\/\/www.isinaydinlatma.com.tr\/urun\/bayrak-direkleri\/#primaryimage\",\"url\":\"https:\/\/www.isinaydinlatma.com.tr\/wp-content\/uploads\/2024\/04\/bayrak-direkleri-01.jpg\",\"contentUrl\":\"https:\/\/www.isinaydinlatma.com.tr\/wp-content\/uploads\/2024\/04\/bayrak-direkleri-01.jpg\"},{\"@type\":\"BreadcrumbList\",\"@id\":\"https:\/\/www.isinaydinlatma.com.tr\/urun\/bayrak-direkleri\/#breadcrumb\",\"itemListElement\":[{\"@type\":\"ListItem\",\"position\":1,\"name\":\"Anasayfa\",\"item\":\"https:\/\/www.isinaydinlatma.com.tr\/\"},{\"@type\":\"ListItem\",\"position\":2,\"name\":\"Cart\",\"item\":\"https:\/\/www.isinaydinlatma.com.tr\/cart\/\"},{\"@type\":\"ListItem\",\"position\":3,\"name\":\"Bayrak Direkleri\"}]},{\"@type\":\"WebSite\",\"@id\":\"https:\/\/www.isinaydinlatma.com.tr\/en\/#website\",\"url\":\"https:\/\/www.isinaydinlatma.com.tr\/en\/\",\"name\":\"I\u015f\u0131n Ayd\u0131nlatma\",\"description\":\"\",\"potentialAction\":[{\"@type\":\"SearchAction\",\"target\":{\"@type\":\"EntryPoint\",\"urlTemplate\":\"https:\/\/www.isinaydinlatma.com.tr\/en\/?s={search_term_string}\"},\"query-input\":{\"@type\":\"PropertyValueSpecification\",\"valueRequired\":true,\"valueName\":\"search_term_string\"}}],\"inLanguage\":\"en-GB\"}]}<\/script>\n<!-- \/ Yoast SEO plugin. -->","yoast_head_json":{"title":"Bayrak Direkleri - I\u015f\u0131n Ayd\u0131nlatma","robots":{"index":"index","follow":"follow","max-snippet":"max-snippet:-1","max-image-preview":"max-image-preview:large","max-video-preview":"max-video-preview:-1"},"canonical":"https:\/\/www.isinaydinlatma.com.tr\/en\/product\/bayrak-direkleri\/","og_locale":"en_GB","og_type":"article","og_title":"Bayrak Direkleri - I\u015f\u0131n Ayd\u0131nlatma","og_description":"Bayrak Direkleri Anasayfa \/ Bayrak Direkleri Bayrak direkleri m\u00fc\u015fteri talebine g\u00f6re istenilen y\u00fckseklikte \u00fcretilmektedir. Statik tasar\u0131m ASCE manuel 72 ye g\u00f6re yap\u0131lmaktad\u0131r. 12 m&#8217;ye kadar olan direkler tek g\u00f6vde olarak \u00fcretilmekte, 12 m&#8217;den uzun direkler ise poligonal mod\u00fcllerin i\u00e7 i\u00e7e s\u0131k\u0131 ge\u00e7mesiyle olu\u015fturulmaktad\u0131r. Boyutlar\u0131 y\u00fcksekli\u011fe g\u00f6re de\u011fi\u015fen ankrajl\u0131 temel montaj\u0131na","og_url":"https:\/\/www.isinaydinlatma.com.tr\/en\/product\/bayrak-direkleri\/","og_site_name":"I\u015f\u0131n Ayd\u0131nlatma","article_modified_time":"2025-04-18T12:38:19+00:00","og_image":[{"url":"https:\/\/www.isinaydinlatma.com.tr\/wp-content\/uploads\/2024\/04\/bayrak-direkleri-01.jpg","type":"","width":"","height":""}],"twitter_card":"summary_large_image","twitter_misc":{"Estimated reading time":"1 minute"},"schema":{"@context":"https:\/\/schema.org","@graph":[{"@type":"WebPage","@id":"https:\/\/www.isinaydinlatma.com.tr\/urun\/bayrak-direkleri\/","url":"https:\/\/www.isinaydinlatma.com.tr\/urun\/bayrak-direkleri\/","name":"Bayrak Direkleri - I\u015f\u0131n Ayd\u0131nlatma","isPartOf":{"@id":"https:\/\/www.isinaydinlatma.com.tr\/en\/#website"},"primaryImageOfPage":{"@id":"https:\/\/www.isinaydinlatma.com.tr\/urun\/bayrak-direkleri\/#primaryimage"},"image":{"@id":"https:\/\/www.isinaydinlatma.com.tr\/urun\/bayrak-direkleri\/#primaryimage"},"thumbnailUrl":"https:\/\/www.isinaydinlatma.com.tr\/wp-content\/uploads\/2024\/04\/bayrak-direkleri-01.jpg","datePublished":"2024-04-05T11:40:24+00:00","dateModified":"2025-04-18T12:38:19+00:00","breadcrumb":{"@id":"https:\/\/www.isinaydinlatma.com.tr\/urun\/bayrak-direkleri\/#breadcrumb"},"inLanguage":"en-GB","potentialAction":[{"@type":"ReadAction","target":["https:\/\/www.isinaydinlatma.com.tr\/urun\/bayrak-direkleri\/"]}]},{"@type":"ImageObject","inLanguage":"en-GB","@id":"https:\/\/www.isinaydinlatma.com.tr\/urun\/bayrak-direkleri\/#primaryimage","url":"https:\/\/www.isinaydinlatma.com.tr\/wp-content\/uploads\/2024\/04\/bayrak-direkleri-01.jpg","contentUrl":"https:\/\/www.isinaydinlatma.com.tr\/wp-content\/uploads\/2024\/04\/bayrak-direkleri-01.jpg"},{"@type":"BreadcrumbList","@id":"https:\/\/www.isinaydinlatma.com.tr\/urun\/bayrak-direkleri\/#breadcrumb","itemListElement":[{"@type":"ListItem","position":1,"name":"Anasayfa","item":"https:\/\/www.isinaydinlatma.com.tr\/"},{"@type":"ListItem","position":2,"name":"Cart","item":"https:\/\/www.isinaydinlatma.com.tr\/cart\/"},{"@type":"ListItem","position":3,"name":"Bayrak Direkleri"}]},{"@type":"WebSite","@id":"https:\/\/www.isinaydinlatma.com.tr\/en\/#website","url":"https:\/\/www.isinaydinlatma.com.tr\/en\/","name":"I\u015f\u0131n Ayd\u0131nlatma","description":"","potentialAction":[{"@type":"SearchAction","target":{"@type":"EntryPoint","urlTemplate":"https:\/\/www.isinaydinlatma.com.tr\/en\/?s={search_term_string}"},"query-input":{"@type":"PropertyValueSpecification","valueRequired":true,"valueName":"search_term_string"}}],"inLanguage":"en-GB"}]}},"_links":{"self":[{"href":"https:\/\/www.isinaydinlatma.com.tr\/en\/wp-json\/wp\/v2\/product\/11196","targetHints":{"allow":["GET"]}}],"collection":[{"href":"https:\/\/www.isinaydinlatma.com.tr\/en\/wp-json\/wp\/v2\/product"}],"about":[{"href":"https:\/\/www.isinaydinlatma.com.tr\/en\/wp-json\/wp\/v2\/types\/product"}],"replies":[{"embeddable":true,"href":"https:\/\/www.isinaydinlatma.com.tr\/en\/wp-json\/wp\/v2\/comments?post=11196"}],"version-history":[{"count":1,"href":"https:\/\/www.isinaydinlatma.com.tr\/en\/wp-json\/wp\/v2\/product\/11196\/revisions"}],"predecessor-version":[{"id":12929,"href":"https:\/\/www.isinaydinlatma.com.tr\/en\/wp-json\/wp\/v2\/product\/11196\/revisions\/12929"}],"wp:attachment":[{"href":"https:\/\/www.isinaydinlatma.com.tr\/en\/wp-json\/wp\/v2\/media?parent=11196"}],"wp:term":[{"taxonomy":"product_brand","embeddable":true,"href":"https:\/\/www.isinaydinlatma.com.tr\/en\/wp-json\/wp\/v2\/product_brand?post=11196"},{"taxonomy":"product_cat","embeddable":true,"href":"https:\/\/www.isinaydinlatma.com.tr\/en\/wp-json\/wp\/v2\/product_cat?post=11196"},{"taxonomy":"product_tag","embeddable":true,"href":"https:\/\/www.isinaydinlatma.com.tr\/en\/wp-json\/wp\/v2\/product_tag?post=11196"}],"curies":[{"name":"wp","href":"https:\/\/api.w.org\/{rel}","templated":true}]}}