{"id":11229,"date":"2024-04-05T15:11:06","date_gmt":"2024-04-05T12:11:06","guid":{"rendered":"https:\/\/www.isinaydinlatma.com.tr\/?page_id=11229"},"modified":"2025-04-18T15:38:19","modified_gmt":"2025-04-18T12:38:19","slug":"kamera-direkleri","status":"publish","type":"product","link":"https:\/\/www.isinaydinlatma.com.tr\/en\/product\/kamera-direkleri\/","title":{"rendered":"Camera Poles"},"content":{"rendered":"<div data-elementor-type=\"wp-page\" data-elementor-id=\"11229\" class=\"elementor elementor-11229\" data-elementor-post-type=\"product\">\n\t\t\t\t<div class=\"elementor-element elementor-element-78886158 animated-fast e-flex e-con-boxed elementor-invisible e-con e-parent\" data-id=\"78886158\" data-element_type=\"container\" data-settings=\"{&quot;background_background&quot;:&quot;classic&quot;,&quot;animation&quot;:&quot;fadeInUp&quot;}\">\n\t\t\t\t\t<div class=\"e-con-inner\">\n\t\t\t\t<div class=\"elementor-element elementor-element-3f8677f elementor-widget elementor-widget-spacer\" data-id=\"3f8677f\" data-element_type=\"widget\" data-widget_type=\"spacer.default\">\n\t\t\t\t<div class=\"elementor-widget-container\">\n\t\t\t\t\t\t\t<div class=\"elementor-spacer\">\n\t\t\t<div class=\"elementor-spacer-inner\"><\/div>\n\t\t<\/div>\n\t\t\t\t\t\t<\/div>\n\t\t\t\t<\/div>\n\t\t\t\t<div class=\"elementor-element elementor-element-4611425 elementor-widget elementor-widget-spacer\" data-id=\"4611425\" data-element_type=\"widget\" data-widget_type=\"spacer.default\">\n\t\t\t\t<div class=\"elementor-widget-container\">\n\t\t\t\t\t\t\t<div class=\"elementor-spacer\">\n\t\t\t<div class=\"elementor-spacer-inner\"><\/div>\n\t\t<\/div>\n\t\t\t\t\t\t<\/div>\n\t\t\t\t<\/div>\n\t\t\t\t<div class=\"elementor-element elementor-element-18f05ecb elementor-widget elementor-widget-heading\" data-id=\"18f05ecb\" data-element_type=\"widget\" data-widget_type=\"heading.default\">\n\t\t\t\t<div class=\"elementor-widget-container\">\n\t\t\t\t\t<h1 class=\"elementor-heading-title elementor-size-default\">Camera Poles<\/h1>\t\t\t\t<\/div>\n\t\t\t\t<\/div>\n\t\t\t\t\t<\/div>\n\t\t\t\t<\/div>\n\t\t\t\t<section class=\"elementor-section elementor-top-section elementor-element elementor-element-ae4ec9e elementor-section-boxed elementor-section-height-default elementor-section-height-default elementor-invisible\" data-id=\"ae4ec9e\" data-element_type=\"section\" data-settings=\"{&quot;animation&quot;:&quot;fadeInUp&quot;}\">\n\t\t\t\t\t\t<div class=\"elementor-container elementor-column-gap-no\">\n\t\t\t\t\t<div class=\"elementor-column elementor-col-100 elementor-top-column elementor-element elementor-element-3469a70\" data-id=\"3469a70\" data-element_type=\"column\">\n\t\t\t<div class=\"elementor-widget-wrap elementor-element-populated\">\n\t\t\t\t\t\t<div class=\"elementor-element elementor-element-341ced5 elementor-widget elementor-widget-spacer\" data-id=\"341ced5\" data-element_type=\"widget\" data-widget_type=\"spacer.default\">\n\t\t\t\t<div class=\"elementor-widget-container\">\n\t\t\t\t\t\t\t<div class=\"elementor-spacer\">\n\t\t\t<div class=\"elementor-spacer-inner\"><\/div>\n\t\t<\/div>\n\t\t\t\t\t\t<\/div>\n\t\t\t\t<\/div>\n\t\t\t\t<div class=\"elementor-element elementor-element-7fb42d8 elementor-widget elementor-widget-text-editor\" data-id=\"7fb42d8\" data-element_type=\"widget\" data-settings=\"{&quot;_animation&quot;:&quot;none&quot;}\" data-widget_type=\"text-editor.default\">\n\t\t\t\t<div class=\"elementor-widget-container\">\n\t\t\t\t\t\t\t\t\t<a href=\"https:\/\/www.isinaydinlatma.com.tr\/en\/\">Home<\/a> \/ Camera Poles\t\t\t\t\t\t\t\t<\/div>\n\t\t\t\t<\/div>\n\t\t\t\t<div class=\"elementor-element elementor-element-f2bff2a elementor-widget elementor-widget-spacer\" data-id=\"f2bff2a\" data-element_type=\"widget\" data-widget_type=\"spacer.default\">\n\t\t\t\t<div class=\"elementor-widget-container\">\n\t\t\t\t\t\t\t<div class=\"elementor-spacer\">\n\t\t\t<div class=\"elementor-spacer-inner\"><\/div>\n\t\t<\/div>\n\t\t\t\t\t\t<\/div>\n\t\t\t\t<\/div>\n\t\t\t\t<section class=\"elementor-section elementor-inner-section elementor-element elementor-element-9dc9e93 elementor-section-boxed elementor-section-height-default elementor-section-height-default\" data-id=\"9dc9e93\" data-element_type=\"section\">\n\t\t\t\t\t\t<div class=\"elementor-container elementor-column-gap-default\">\n\t\t\t\t\t<div class=\"elementor-column elementor-col-100 elementor-inner-column elementor-element elementor-element-cf55aac\" data-id=\"cf55aac\" data-element_type=\"column\">\n\t\t\t<div class=\"elementor-widget-wrap elementor-element-populated\">\n\t\t\t\t\t\t<div class=\"elementor-element elementor-element-6480d05 elementor-widget elementor-widget-text-editor\" data-id=\"6480d05\" data-element_type=\"widget\" data-widget_type=\"text-editor.default\">\n\t\t\t\t<div class=\"elementor-widget-container\">\n\t\t\t\t\t\t\t\t\t<p><span style=\"font-size: 15px; color: var(--e-global-color-tombuild_text);\">The most important issue in camera poles produced in standard polygonal or decorative style is to obtain clear images at the requested height. The peak displacement calculation at the operational wind speeds specified in the camera poles designed according to the number of cameras to be used and the criteria and the features of the pole are meticulously designed by our engineers.<\/span><\/p><p><span style=\"font-size: 15px; color: var(--e-global-color-tombuild_text);\">Camera poles, which are manufactured as galvanized or electrostatic powder coated upon request, have a service life of many years.<\/span><\/p>\t\t\t\t\t\t\t\t<\/div>\n\t\t\t\t<\/div>\n\t\t\t\t\t<\/div>\n\t\t<\/div>\n\t\t\t\t\t<\/div>\n\t\t<\/section>\n\t\t\t\t\t<\/div>\n\t\t<\/div>\n\t\t\t\t\t<\/div>\n\t\t<\/section>\n\t\t<div class=\"elementor-element elementor-element-746036f e-flex e-con-boxed elementor-invisible e-con e-parent\" data-id=\"746036f\" data-element_type=\"container\" data-settings=\"{&quot;animation&quot;:&quot;fadeInUp&quot;}\">\n\t\t\t\t\t<div class=\"e-con-inner\">\n\t\t<div class=\"elementor-element elementor-element-31feafe e-con-full e-flex e-con e-child\" data-id=\"31feafe\" data-element_type=\"container\">\n\t\t\t\t<div class=\"elementor-element elementor-element-434d100 elementor-widget elementor-widget-heading\" data-id=\"434d100\" data-element_type=\"widget\" data-widget_type=\"heading.default\">\n\t\t\t\t<div class=\"elementor-widget-container\">\n\t\t\t\t\t<h2 class=\"elementor-heading-title elementor-size-default\">Images<\/h2>\t\t\t\t<\/div>\n\t\t\t\t<\/div>\n\t\t\t\t<div class=\"elementor-element elementor-element-8cce7df elementor-widget-divider--view-line elementor-widget elementor-widget-divider\" data-id=\"8cce7df\" data-element_type=\"widget\" data-widget_type=\"divider.default\">\n\t\t\t\t<div class=\"elementor-widget-container\">\n\t\t\t\t\t\t\t<div class=\"elementor-divider\">\n\t\t\t<span class=\"elementor-divider-separator\">\n\t\t\t\t\t\t<\/span>\n\t\t<\/div>\n\t\t\t\t\t\t<\/div>\n\t\t\t\t<\/div>\n\t\t\t\t<\/div>\n\t\t\t\t\t<\/div>\n\t\t\t\t<\/div>\n\t\t<div class=\"elementor-element elementor-element-6ebfc7e e-flex e-con-boxed elementor-invisible e-con e-parent\" data-id=\"6ebfc7e\" data-element_type=\"container\" data-settings=\"{&quot;animation&quot;:&quot;fadeInUp&quot;}\">\n\t\t\t\t\t<div class=\"e-con-inner\">\n\t\t<div class=\"elementor-element elementor-element-74b6433 e-flex e-con-boxed elementor-invisible e-con e-child\" data-id=\"74b6433\" data-element_type=\"container\" data-settings=\"{&quot;animation&quot;:&quot;fadeInUp&quot;}\">\n\t\t\t\t\t<div class=\"e-con-inner\">\n\t\t\t\t<div class=\"elementor-element elementor-element-bde5f2d elementor-widget elementor-widget-image\" data-id=\"bde5f2d\" data-element_type=\"widget\" data-widget_type=\"image.default\">\n\t\t\t\t<div class=\"elementor-widget-container\">\n\t\t\t\t\t\t\t\t\t\t\t\t\t\t\t<img fetchpriority=\"high\" decoding=\"async\" width=\"1024\" height=\"683\" src=\"https:\/\/www.isinaydinlatma.com.tr\/wp-content\/uploads\/2024\/02\/05-kamera-direkleri-carousel-1024x683.jpg\" class=\"attachment-large size-large wp-image-10086\" alt=\"\" srcset=\"https:\/\/www.isinaydinlatma.com.tr\/wp-content\/uploads\/2024\/02\/05-kamera-direkleri-carousel-1024x683.jpg 1024w, https:\/\/www.isinaydinlatma.com.tr\/wp-content\/uploads\/2024\/02\/05-kamera-direkleri-carousel-300x200.jpg 300w, https:\/\/www.isinaydinlatma.com.tr\/wp-content\/uploads\/2024\/02\/05-kamera-direkleri-carousel-768x512.jpg 768w, https:\/\/www.isinaydinlatma.com.tr\/wp-content\/uploads\/2024\/02\/05-kamera-direkleri-carousel.jpg 1200w\" sizes=\"(max-width: 1024px) 100vw, 1024px\" \/>\t\t\t\t\t\t\t\t\t\t\t\t\t\t\t<\/div>\n\t\t\t\t<\/div>\n\t\t\t\t\t<\/div>\n\t\t\t\t<\/div>\n\t\t\t\t\t<\/div>\n\t\t\t\t<\/div>\n\t\t\t\t<\/div>","protected":false},"excerpt":{"rendered":"<p>Kamera Direkleri Anasayfa \/ Kamera Direkleri Standart poligonal veya dekoratif tarzda \u00fcretilen kamera direklerinde en \u00f6nemli husus, talep edilen y\u00fckseklikte net g\u00f6r\u00fcnt\u00fc al\u0131nmas\u0131d\u0131r. Kullan\u0131lacak kamera say\u0131s\u0131 ve kriterlerine g\u00f6re dizayn edilen kamera direklerinde belirtilen operasyonel r\u00fczgar h\u0131zlar\u0131ndaki tepe deplasman\u0131 hesab\u0131 ve dire\u011fin \u00f6zellikleri m\u00fchendislerimiz taraf\u0131ndan titizlikle tasarlanmaktad\u0131r. Talebe g\u00f6re galvanizli<\/p>","protected":false},"featured_media":0,"comment_status":"closed","ping_status":"closed","template":"","meta":{"inline_featured_image":false},"product_brand":[],"product_cat":[],"product_tag":[],"class_list":{"0":"post-11229","1":"product","2":"type-product","3":"status-publish","6":"first","7":"instock","8":"shipping-taxable","9":"product-type-simple"},"yoast_head":"<!-- This site is optimized with the Yoast SEO plugin v24.9 - https:\/\/yoast.com\/wordpress\/plugins\/seo\/ -->\n<title>Kamera Direkleri - I\u015f\u0131n Ayd\u0131nlatma<\/title>\n<meta name=\"robots\" content=\"index, follow, max-snippet:-1, max-image-preview:large, max-video-preview:-1\" \/>\n<link rel=\"canonical\" href=\"https:\/\/www.isinaydinlatma.com.tr\/en\/product\/kamera-direkleri\/\" \/>\n<meta property=\"og:locale\" content=\"en_GB\" \/>\n<meta property=\"og:type\" content=\"article\" \/>\n<meta property=\"og:title\" content=\"Kamera Direkleri - I\u015f\u0131n Ayd\u0131nlatma\" \/>\n<meta property=\"og:description\" content=\"Kamera Direkleri Anasayfa \/ Kamera Direkleri Standart poligonal veya dekoratif tarzda \u00fcretilen kamera direklerinde en \u00f6nemli husus, talep edilen y\u00fckseklikte net g\u00f6r\u00fcnt\u00fc al\u0131nmas\u0131d\u0131r. Kullan\u0131lacak kamera say\u0131s\u0131 ve kriterlerine g\u00f6re dizayn edilen kamera direklerinde belirtilen operasyonel r\u00fczgar h\u0131zlar\u0131ndaki tepe deplasman\u0131 hesab\u0131 ve dire\u011fin \u00f6zellikleri m\u00fchendislerimiz taraf\u0131ndan titizlikle tasarlanmaktad\u0131r. Talebe g\u00f6re galvanizli\" \/>\n<meta property=\"og:url\" content=\"https:\/\/www.isinaydinlatma.com.tr\/en\/product\/kamera-direkleri\/\" \/>\n<meta property=\"og:site_name\" content=\"I\u015f\u0131n Ayd\u0131nlatma\" \/>\n<meta property=\"article:modified_time\" content=\"2025-04-18T12:38:19+00:00\" \/>\n<meta property=\"og:image\" content=\"https:\/\/www.isinaydinlatma.com.tr\/wp-content\/uploads\/2024\/02\/05-kamera-direkleri-carousel-1024x683.jpg\" \/>\n<meta name=\"twitter:card\" content=\"summary_large_image\" \/>\n<script type=\"application\/ld+json\" class=\"yoast-schema-graph\">{\"@context\":\"https:\/\/schema.org\",\"@graph\":[{\"@type\":\"WebPage\",\"@id\":\"https:\/\/www.isinaydinlatma.com.tr\/urun\/kamera-direkleri\/\",\"url\":\"https:\/\/www.isinaydinlatma.com.tr\/urun\/kamera-direkleri\/\",\"name\":\"Kamera Direkleri - I\u015f\u0131n Ayd\u0131nlatma\",\"isPartOf\":{\"@id\":\"https:\/\/www.isinaydinlatma.com.tr\/en\/#website\"},\"primaryImageOfPage\":{\"@id\":\"https:\/\/www.isinaydinlatma.com.tr\/urun\/kamera-direkleri\/#primaryimage\"},\"image\":{\"@id\":\"https:\/\/www.isinaydinlatma.com.tr\/urun\/kamera-direkleri\/#primaryimage\"},\"thumbnailUrl\":\"https:\/\/www.isinaydinlatma.com.tr\/wp-content\/uploads\/2024\/02\/05-kamera-direkleri-carousel-1024x683.jpg\",\"datePublished\":\"2024-04-05T12:11:06+00:00\",\"dateModified\":\"2025-04-18T12:38:19+00:00\",\"breadcrumb\":{\"@id\":\"https:\/\/www.isinaydinlatma.com.tr\/urun\/kamera-direkleri\/#breadcrumb\"},\"inLanguage\":\"en-GB\",\"potentialAction\":[{\"@type\":\"ReadAction\",\"target\":[\"https:\/\/www.isinaydinlatma.com.tr\/urun\/kamera-direkleri\/\"]}]},{\"@type\":\"ImageObject\",\"inLanguage\":\"en-GB\",\"@id\":\"https:\/\/www.isinaydinlatma.com.tr\/urun\/kamera-direkleri\/#primaryimage\",\"url\":\"https:\/\/www.isinaydinlatma.com.tr\/wp-content\/uploads\/2024\/02\/05-kamera-direkleri-carousel-1024x683.jpg\",\"contentUrl\":\"https:\/\/www.isinaydinlatma.com.tr\/wp-content\/uploads\/2024\/02\/05-kamera-direkleri-carousel-1024x683.jpg\"},{\"@type\":\"BreadcrumbList\",\"@id\":\"https:\/\/www.isinaydinlatma.com.tr\/urun\/kamera-direkleri\/#breadcrumb\",\"itemListElement\":[{\"@type\":\"ListItem\",\"position\":1,\"name\":\"Anasayfa\",\"item\":\"https:\/\/www.isinaydinlatma.com.tr\/\"},{\"@type\":\"ListItem\",\"position\":2,\"name\":\"Cart\",\"item\":\"https:\/\/www.isinaydinlatma.com.tr\/cart\/\"},{\"@type\":\"ListItem\",\"position\":3,\"name\":\"Kamera Direkleri\"}]},{\"@type\":\"WebSite\",\"@id\":\"https:\/\/www.isinaydinlatma.com.tr\/en\/#website\",\"url\":\"https:\/\/www.isinaydinlatma.com.tr\/en\/\",\"name\":\"I\u015f\u0131n Ayd\u0131nlatma\",\"description\":\"\",\"potentialAction\":[{\"@type\":\"SearchAction\",\"target\":{\"@type\":\"EntryPoint\",\"urlTemplate\":\"https:\/\/www.isinaydinlatma.com.tr\/en\/?s={search_term_string}\"},\"query-input\":{\"@type\":\"PropertyValueSpecification\",\"valueRequired\":true,\"valueName\":\"search_term_string\"}}],\"inLanguage\":\"en-GB\"}]}<\/script>\n<!-- \/ Yoast SEO plugin. -->","yoast_head_json":{"title":"Kamera Direkleri - I\u015f\u0131n Ayd\u0131nlatma","robots":{"index":"index","follow":"follow","max-snippet":"max-snippet:-1","max-image-preview":"max-image-preview:large","max-video-preview":"max-video-preview:-1"},"canonical":"https:\/\/www.isinaydinlatma.com.tr\/en\/product\/kamera-direkleri\/","og_locale":"en_GB","og_type":"article","og_title":"Kamera Direkleri - I\u015f\u0131n Ayd\u0131nlatma","og_description":"Kamera Direkleri Anasayfa \/ Kamera Direkleri Standart poligonal veya dekoratif tarzda \u00fcretilen kamera direklerinde en \u00f6nemli husus, talep edilen y\u00fckseklikte net g\u00f6r\u00fcnt\u00fc al\u0131nmas\u0131d\u0131r. Kullan\u0131lacak kamera say\u0131s\u0131 ve kriterlerine g\u00f6re dizayn edilen kamera direklerinde belirtilen operasyonel r\u00fczgar h\u0131zlar\u0131ndaki tepe deplasman\u0131 hesab\u0131 ve dire\u011fin \u00f6zellikleri m\u00fchendislerimiz taraf\u0131ndan titizlikle tasarlanmaktad\u0131r. Talebe g\u00f6re galvanizli","og_url":"https:\/\/www.isinaydinlatma.com.tr\/en\/product\/kamera-direkleri\/","og_site_name":"I\u015f\u0131n Ayd\u0131nlatma","article_modified_time":"2025-04-18T12:38:19+00:00","og_image":[{"url":"https:\/\/www.isinaydinlatma.com.tr\/wp-content\/uploads\/2024\/02\/05-kamera-direkleri-carousel-1024x683.jpg","type":"","width":"","height":""}],"twitter_card":"summary_large_image","schema":{"@context":"https:\/\/schema.org","@graph":[{"@type":"WebPage","@id":"https:\/\/www.isinaydinlatma.com.tr\/urun\/kamera-direkleri\/","url":"https:\/\/www.isinaydinlatma.com.tr\/urun\/kamera-direkleri\/","name":"Kamera Direkleri - I\u015f\u0131n Ayd\u0131nlatma","isPartOf":{"@id":"https:\/\/www.isinaydinlatma.com.tr\/en\/#website"},"primaryImageOfPage":{"@id":"https:\/\/www.isinaydinlatma.com.tr\/urun\/kamera-direkleri\/#primaryimage"},"image":{"@id":"https:\/\/www.isinaydinlatma.com.tr\/urun\/kamera-direkleri\/#primaryimage"},"thumbnailUrl":"https:\/\/www.isinaydinlatma.com.tr\/wp-content\/uploads\/2024\/02\/05-kamera-direkleri-carousel-1024x683.jpg","datePublished":"2024-04-05T12:11:06+00:00","dateModified":"2025-04-18T12:38:19+00:00","breadcrumb":{"@id":"https:\/\/www.isinaydinlatma.com.tr\/urun\/kamera-direkleri\/#breadcrumb"},"inLanguage":"en-GB","potentialAction":[{"@type":"ReadAction","target":["https:\/\/www.isinaydinlatma.com.tr\/urun\/kamera-direkleri\/"]}]},{"@type":"ImageObject","inLanguage":"en-GB","@id":"https:\/\/www.isinaydinlatma.com.tr\/urun\/kamera-direkleri\/#primaryimage","url":"https:\/\/www.isinaydinlatma.com.tr\/wp-content\/uploads\/2024\/02\/05-kamera-direkleri-carousel-1024x683.jpg","contentUrl":"https:\/\/www.isinaydinlatma.com.tr\/wp-content\/uploads\/2024\/02\/05-kamera-direkleri-carousel-1024x683.jpg"},{"@type":"BreadcrumbList","@id":"https:\/\/www.isinaydinlatma.com.tr\/urun\/kamera-direkleri\/#breadcrumb","itemListElement":[{"@type":"ListItem","position":1,"name":"Anasayfa","item":"https:\/\/www.isinaydinlatma.com.tr\/"},{"@type":"ListItem","position":2,"name":"Cart","item":"https:\/\/www.isinaydinlatma.com.tr\/cart\/"},{"@type":"ListItem","position":3,"name":"Kamera Direkleri"}]},{"@type":"WebSite","@id":"https:\/\/www.isinaydinlatma.com.tr\/en\/#website","url":"https:\/\/www.isinaydinlatma.com.tr\/en\/","name":"I\u015f\u0131n Ayd\u0131nlatma","description":"","potentialAction":[{"@type":"SearchAction","target":{"@type":"EntryPoint","urlTemplate":"https:\/\/www.isinaydinlatma.com.tr\/en\/?s={search_term_string}"},"query-input":{"@type":"PropertyValueSpecification","valueRequired":true,"valueName":"search_term_string"}}],"inLanguage":"en-GB"}]}},"_links":{"self":[{"href":"https:\/\/www.isinaydinlatma.com.tr\/en\/wp-json\/wp\/v2\/product\/11229","targetHints":{"allow":["GET"]}}],"collection":[{"href":"https:\/\/www.isinaydinlatma.com.tr\/en\/wp-json\/wp\/v2\/product"}],"about":[{"href":"https:\/\/www.isinaydinlatma.com.tr\/en\/wp-json\/wp\/v2\/types\/product"}],"replies":[{"embeddable":true,"href":"https:\/\/www.isinaydinlatma.com.tr\/en\/wp-json\/wp\/v2\/comments?post=11229"}],"version-history":[{"count":0,"href":"https:\/\/www.isinaydinlatma.com.tr\/en\/wp-json\/wp\/v2\/product\/11229\/revisions"}],"wp:attachment":[{"href":"https:\/\/www.isinaydinlatma.com.tr\/en\/wp-json\/wp\/v2\/media?parent=11229"}],"wp:term":[{"taxonomy":"product_brand","embeddable":true,"href":"https:\/\/www.isinaydinlatma.com.tr\/en\/wp-json\/wp\/v2\/product_brand?post=11229"},{"taxonomy":"product_cat","embeddable":true,"href":"https:\/\/www.isinaydinlatma.com.tr\/en\/wp-json\/wp\/v2\/product_cat?post=11229"},{"taxonomy":"product_tag","embeddable":true,"href":"https:\/\/www.isinaydinlatma.com.tr\/en\/wp-json\/wp\/v2\/product_tag?post=11229"}],"curies":[{"name":"wp","href":"https:\/\/api.w.org\/{rel}","templated":true}]}}