{"id":11294,"date":"2024-04-12T00:51:30","date_gmt":"2024-04-11T21:51:30","guid":{"rendered":"https:\/\/www.isinaydinlatma.com.tr\/?page_id=11294"},"modified":"2025-04-18T15:38:58","modified_gmt":"2025-04-18T12:38:58","slug":"trafik-levha-ve-sinyalizasyon-direkleri","status":"publish","type":"product","link":"https:\/\/www.isinaydinlatma.com.tr\/en\/product\/trafik-levha-ve-sinyalizasyon-direkleri\/","title":{"rendered":"Traffic, Sign and Signaling Poles"},"content":{"rendered":"<div data-elementor-type=\"wp-page\" data-elementor-id=\"11294\" class=\"elementor elementor-11294\" data-elementor-post-type=\"product\">\n\t\t\t\t<div class=\"elementor-element elementor-element-980dc0c animated-fast e-flex e-con-boxed elementor-invisible e-con e-parent\" data-id=\"980dc0c\" data-element_type=\"container\" data-settings=\"{&quot;background_background&quot;:&quot;classic&quot;,&quot;animation&quot;:&quot;fadeInUp&quot;}\">\n\t\t\t\t\t<div class=\"e-con-inner\">\n\t\t\t\t<div class=\"elementor-element elementor-element-cf4132e elementor-widget elementor-widget-spacer\" data-id=\"cf4132e\" data-element_type=\"widget\" data-widget_type=\"spacer.default\">\n\t\t\t\t<div class=\"elementor-widget-container\">\n\t\t\t\t\t\t\t<div class=\"elementor-spacer\">\n\t\t\t<div class=\"elementor-spacer-inner\"><\/div>\n\t\t<\/div>\n\t\t\t\t\t\t<\/div>\n\t\t\t\t<\/div>\n\t\t\t\t<div class=\"elementor-element elementor-element-ad931f5 elementor-widget elementor-widget-spacer\" data-id=\"ad931f5\" data-element_type=\"widget\" data-widget_type=\"spacer.default\">\n\t\t\t\t<div class=\"elementor-widget-container\">\n\t\t\t\t\t\t\t<div class=\"elementor-spacer\">\n\t\t\t<div class=\"elementor-spacer-inner\"><\/div>\n\t\t<\/div>\n\t\t\t\t\t\t<\/div>\n\t\t\t\t<\/div>\n\t\t\t\t<div class=\"elementor-element elementor-element-0649edd elementor-widget elementor-widget-heading\" data-id=\"0649edd\" data-element_type=\"widget\" data-widget_type=\"heading.default\">\n\t\t\t\t<div class=\"elementor-widget-container\">\n\t\t\t\t\t<h1 class=\"elementor-heading-title elementor-size-default\">Traffic, Sign and Signaling Poles<\/h1>\t\t\t\t<\/div>\n\t\t\t\t<\/div>\n\t\t\t\t\t<\/div>\n\t\t\t\t<\/div>\n\t\t\t\t<section class=\"elementor-section elementor-top-section elementor-element elementor-element-0b1fc7e elementor-section-boxed elementor-section-height-default elementor-section-height-default\" data-id=\"0b1fc7e\" data-element_type=\"section\">\n\t\t\t\t\t\t<div class=\"elementor-container elementor-column-gap-no\">\n\t\t\t\t\t<div class=\"elementor-column elementor-col-100 elementor-top-column elementor-element elementor-element-fe680a0\" data-id=\"fe680a0\" data-element_type=\"column\">\n\t\t\t<div class=\"elementor-widget-wrap elementor-element-populated\">\n\t\t\t\t\t\t<div class=\"elementor-element elementor-element-cb5da67 elementor-widget elementor-widget-spacer\" data-id=\"cb5da67\" data-element_type=\"widget\" data-widget_type=\"spacer.default\">\n\t\t\t\t<div class=\"elementor-widget-container\">\n\t\t\t\t\t\t\t<div class=\"elementor-spacer\">\n\t\t\t<div class=\"elementor-spacer-inner\"><\/div>\n\t\t<\/div>\n\t\t\t\t\t\t<\/div>\n\t\t\t\t<\/div>\n\t\t\t\t<div class=\"elementor-element elementor-element-4d8160f elementor-invisible elementor-widget elementor-widget-text-editor\" data-id=\"4d8160f\" data-element_type=\"widget\" data-settings=\"{&quot;_animation&quot;:&quot;fadeInUp&quot;}\" data-widget_type=\"text-editor.default\">\n\t\t\t\t<div class=\"elementor-widget-container\">\n\t\t\t\t\t\t\t\t\t<a href=\"https:\/\/www.isinaydinlatma.com.tr\/en\/\">Home<\/a> \/ Traffic, Signs and Signaling Poles\t\t\t\t\t\t\t\t<\/div>\n\t\t\t\t<\/div>\n\t\t\t\t<div class=\"elementor-element elementor-element-ea5f52d elementor-widget elementor-widget-spacer\" data-id=\"ea5f52d\" data-element_type=\"widget\" data-widget_type=\"spacer.default\">\n\t\t\t\t<div class=\"elementor-widget-container\">\n\t\t\t\t\t\t\t<div class=\"elementor-spacer\">\n\t\t\t<div class=\"elementor-spacer-inner\"><\/div>\n\t\t<\/div>\n\t\t\t\t\t\t<\/div>\n\t\t\t\t<\/div>\n\t\t\t\t\t<\/div>\n\t\t<\/div>\n\t\t\t\t\t<\/div>\n\t\t<\/section>\n\t\t\t\t<section class=\"elementor-section elementor-top-section elementor-element elementor-element-63ca2a2 elementor-section-boxed elementor-section-height-default elementor-section-height-default\" data-id=\"63ca2a2\" data-element_type=\"section\">\n\t\t\t\t\t\t<div class=\"elementor-container elementor-column-gap-default\">\n\t\t\t\t\t<div class=\"elementor-column elementor-col-100 elementor-top-column elementor-element elementor-element-4ce31a4\" data-id=\"4ce31a4\" data-element_type=\"column\">\n\t\t\t<div class=\"elementor-widget-wrap elementor-element-populated\">\n\t\t\t\t\t\t<section class=\"elementor-section elementor-inner-section elementor-element elementor-element-c2255dd elementor-section-boxed elementor-section-height-default elementor-section-height-default elementor-invisible\" data-id=\"c2255dd\" data-element_type=\"section\" data-settings=\"{&quot;animation&quot;:&quot;fadeInUp&quot;}\">\n\t\t\t\t\t\t<div class=\"elementor-container elementor-column-gap-default\">\n\t\t\t\t\t<div class=\"elementor-column elementor-col-100 elementor-inner-column elementor-element elementor-element-80f7421\" data-id=\"80f7421\" data-element_type=\"column\" data-settings=\"{&quot;background_background&quot;:&quot;classic&quot;}\">\n\t\t\t<div class=\"elementor-widget-wrap elementor-element-populated\">\n\t\t\t\t\t<div class=\"elementor-background-overlay\"><\/div>\n\t\t\t\t\t\t<div class=\"elementor-element elementor-element-2a14348 elementor-widget elementor-widget-text-editor\" data-id=\"2a14348\" data-element_type=\"widget\" data-widget_type=\"text-editor.default\">\n\t\t\t\t<div class=\"elementor-widget-container\">\n\t\t\t\t\t\t\t\t\t<p>Project-specific design and manufacturing of the poles on which warning signs, traffic lights, directional signs and electronic information panels required for traffic safety and guidance are mounted are carried out by our experienced team.<\/p>\t\t\t\t\t\t\t\t<\/div>\n\t\t\t\t<\/div>\n\t\t\t\t\t<\/div>\n\t\t<\/div>\n\t\t\t\t\t<\/div>\n\t\t<\/section>\n\t\t\t\t<section class=\"elementor-section elementor-inner-section elementor-element elementor-element-fe719e7 elementor-section-boxed elementor-section-height-default elementor-section-height-default elementor-invisible\" data-id=\"fe719e7\" data-element_type=\"section\" data-settings=\"{&quot;animation&quot;:&quot;fadeInUp&quot;}\">\n\t\t\t\t\t\t<div class=\"elementor-container elementor-column-gap-default\">\n\t\t\t\t\t<div class=\"elementor-column elementor-col-100 elementor-inner-column elementor-element elementor-element-a36bb52\" data-id=\"a36bb52\" data-element_type=\"column\" data-settings=\"{&quot;background_background&quot;:&quot;classic&quot;}\">\n\t\t\t<div class=\"elementor-widget-wrap elementor-element-populated\">\n\t\t\t\t\t<div class=\"elementor-background-overlay\"><\/div>\n\t\t\t\t\t\t<div class=\"elementor-element elementor-element-8b9855a elementor-widget elementor-widget-image\" data-id=\"8b9855a\" data-element_type=\"widget\" data-widget_type=\"image.default\">\n\t\t\t\t<div class=\"elementor-widget-container\">\n\t\t\t\t\t\t\t\t\t\t\t\t\t\t\t\t<a href=\"https:\/\/www.isinaydinlatma.com.tr\/wp-content\/uploads\/2024\/04\/trafik-levha-ve-sinyalizasyon-direkleri-01.jpg\">\n\t\t\t\t\t\t\t<img fetchpriority=\"high\" decoding=\"async\" width=\"535\" height=\"250\" src=\"https:\/\/www.isinaydinlatma.com.tr\/wp-content\/uploads\/2024\/04\/trafik-levha-ve-sinyalizasyon-direkleri-thumb-01.jpg\" class=\"attachment-full size-full wp-image-11309\" alt=\"\" srcset=\"https:\/\/www.isinaydinlatma.com.tr\/wp-content\/uploads\/2024\/04\/trafik-levha-ve-sinyalizasyon-direkleri-thumb-01.jpg 535w, https:\/\/www.isinaydinlatma.com.tr\/wp-content\/uploads\/2024\/04\/trafik-levha-ve-sinyalizasyon-direkleri-thumb-01-300x140.jpg 300w\" sizes=\"(max-width: 535px) 100vw, 535px\" \/>\t\t\t\t\t\t\t\t<\/a>\n\t\t\t\t\t\t\t\t\t\t\t\t\t\t\t<\/div>\n\t\t\t\t<\/div>\n\t\t\t\t\t<\/div>\n\t\t<\/div>\n\t\t\t\t\t<\/div>\n\t\t<\/section>\n\t\t\t\t<section class=\"elementor-section elementor-inner-section elementor-element elementor-element-5de88b3 elementor-section-boxed elementor-section-height-default elementor-section-height-default elementor-invisible\" data-id=\"5de88b3\" data-element_type=\"section\" data-settings=\"{&quot;animation&quot;:&quot;fadeInUp&quot;}\">\n\t\t\t\t\t\t<div class=\"elementor-container elementor-column-gap-default\">\n\t\t\t\t\t<div class=\"elementor-column elementor-col-20 elementor-inner-column elementor-element elementor-element-474a13e\" data-id=\"474a13e\" data-element_type=\"column\" data-settings=\"{&quot;background_background&quot;:&quot;classic&quot;}\">\n\t\t\t<div class=\"elementor-widget-wrap elementor-element-populated\">\n\t\t\t\t\t<div class=\"elementor-background-overlay\"><\/div>\n\t\t\t\t\t\t<div class=\"elementor-element elementor-element-334e385 elementor-widget elementor-widget-image\" data-id=\"334e385\" data-element_type=\"widget\" data-widget_type=\"image.default\">\n\t\t\t\t<div class=\"elementor-widget-container\">\n\t\t\t\t\t\t\t\t\t\t\t\t\t\t\t\t<a href=\"https:\/\/www.isinaydinlatma.com.tr\/wp-content\/uploads\/2024\/04\/trafik-levha-ve-sinyalizasyon-direkleri-02.jpg\">\n\t\t\t\t\t\t\t<img decoding=\"async\" width=\"250\" height=\"535\" src=\"https:\/\/www.isinaydinlatma.com.tr\/wp-content\/uploads\/2024\/04\/trafik-levha-ve-sinyalizasyon-direkleri-thumb-02.jpg\" class=\"attachment-full size-full wp-image-11315\" alt=\"\" srcset=\"https:\/\/www.isinaydinlatma.com.tr\/wp-content\/uploads\/2024\/04\/trafik-levha-ve-sinyalizasyon-direkleri-thumb-02.jpg 250w, https:\/\/www.isinaydinlatma.com.tr\/wp-content\/uploads\/2024\/04\/trafik-levha-ve-sinyalizasyon-direkleri-thumb-02-140x300.jpg 140w\" sizes=\"(max-width: 250px) 100vw, 250px\" \/>\t\t\t\t\t\t\t\t<\/a>\n\t\t\t\t\t\t\t\t\t\t\t\t\t\t\t<\/div>\n\t\t\t\t<\/div>\n\t\t\t\t\t<\/div>\n\t\t<\/div>\n\t\t\t\t<div class=\"elementor-column elementor-col-20 elementor-inner-column elementor-element elementor-element-945d33c\" data-id=\"945d33c\" data-element_type=\"column\" data-settings=\"{&quot;background_background&quot;:&quot;classic&quot;}\">\n\t\t\t<div class=\"elementor-widget-wrap elementor-element-populated\">\n\t\t\t\t\t<div class=\"elementor-background-overlay\"><\/div>\n\t\t\t\t\t\t<div class=\"elementor-element elementor-element-9fbb763 elementor-widget elementor-widget-image\" data-id=\"9fbb763\" data-element_type=\"widget\" data-widget_type=\"image.default\">\n\t\t\t\t<div class=\"elementor-widget-container\">\n\t\t\t\t\t\t\t\t\t\t\t\t\t\t\t\t<a href=\"https:\/\/www.isinaydinlatma.com.tr\/wp-content\/uploads\/2024\/04\/trafik-levha-ve-sinyalizasyon-direkleri-03.jpg\">\n\t\t\t\t\t\t\t<img decoding=\"async\" width=\"250\" height=\"535\" src=\"https:\/\/www.isinaydinlatma.com.tr\/wp-content\/uploads\/2024\/04\/trafik-levha-ve-sinyalizasyon-direkleri-thumb-03.jpg\" class=\"attachment-full size-full wp-image-11320\" alt=\"\" srcset=\"https:\/\/www.isinaydinlatma.com.tr\/wp-content\/uploads\/2024\/04\/trafik-levha-ve-sinyalizasyon-direkleri-thumb-03.jpg 250w, https:\/\/www.isinaydinlatma.com.tr\/wp-content\/uploads\/2024\/04\/trafik-levha-ve-sinyalizasyon-direkleri-thumb-03-140x300.jpg 140w\" sizes=\"(max-width: 250px) 100vw, 250px\" \/>\t\t\t\t\t\t\t\t<\/a>\n\t\t\t\t\t\t\t\t\t\t\t\t\t\t\t<\/div>\n\t\t\t\t<\/div>\n\t\t\t\t\t<\/div>\n\t\t<\/div>\n\t\t\t\t<div class=\"elementor-column elementor-col-20 elementor-inner-column elementor-element elementor-element-42ed636\" data-id=\"42ed636\" data-element_type=\"column\" data-settings=\"{&quot;background_background&quot;:&quot;classic&quot;}\">\n\t\t\t<div class=\"elementor-widget-wrap elementor-element-populated\">\n\t\t\t\t\t<div class=\"elementor-background-overlay\"><\/div>\n\t\t\t\t\t\t<div class=\"elementor-element elementor-element-7fc4b34 elementor-widget elementor-widget-image\" data-id=\"7fc4b34\" data-element_type=\"widget\" data-widget_type=\"image.default\">\n\t\t\t\t<div class=\"elementor-widget-container\">\n\t\t\t\t\t\t\t\t\t\t\t\t\t\t\t\t<a href=\"https:\/\/www.isinaydinlatma.com.tr\/wp-content\/uploads\/2024\/04\/trafik-levha-ve-sinyalizasyon-direkleri-04.jpg\">\n\t\t\t\t\t\t\t<img loading=\"lazy\" decoding=\"async\" width=\"250\" height=\"535\" src=\"https:\/\/www.isinaydinlatma.com.tr\/wp-content\/uploads\/2024\/04\/trafik-levha-ve-sinyalizasyon-direkleri-thumb-04.jpg\" class=\"attachment-full size-full wp-image-11324\" alt=\"\" srcset=\"https:\/\/www.isinaydinlatma.com.tr\/wp-content\/uploads\/2024\/04\/trafik-levha-ve-sinyalizasyon-direkleri-thumb-04.jpg 250w, https:\/\/www.isinaydinlatma.com.tr\/wp-content\/uploads\/2024\/04\/trafik-levha-ve-sinyalizasyon-direkleri-thumb-04-140x300.jpg 140w\" sizes=\"(max-width: 250px) 100vw, 250px\" \/>\t\t\t\t\t\t\t\t<\/a>\n\t\t\t\t\t\t\t\t\t\t\t\t\t\t\t<\/div>\n\t\t\t\t<\/div>\n\t\t\t\t\t<\/div>\n\t\t<\/div>\n\t\t\t\t<div class=\"elementor-column elementor-col-20 elementor-inner-column elementor-element elementor-element-adeb732\" data-id=\"adeb732\" data-element_type=\"column\" data-settings=\"{&quot;background_background&quot;:&quot;classic&quot;}\">\n\t\t\t<div class=\"elementor-widget-wrap elementor-element-populated\">\n\t\t\t\t\t<div class=\"elementor-background-overlay\"><\/div>\n\t\t\t\t\t\t<div class=\"elementor-element elementor-element-df5da41 elementor-widget elementor-widget-image\" data-id=\"df5da41\" data-element_type=\"widget\" data-widget_type=\"image.default\">\n\t\t\t\t<div class=\"elementor-widget-container\">\n\t\t\t\t\t\t\t\t\t\t\t\t\t\t\t\t<a href=\"https:\/\/www.isinaydinlatma.com.tr\/wp-content\/uploads\/2024\/04\/trafik-levha-ve-sinyalizasyon-direkleri-05.jpg\">\n\t\t\t\t\t\t\t<img loading=\"lazy\" decoding=\"async\" width=\"250\" height=\"535\" src=\"https:\/\/www.isinaydinlatma.com.tr\/wp-content\/uploads\/2024\/04\/trafik-levha-ve-sinyalizasyon-direkleri-thumb-05.jpg\" class=\"attachment-full size-full wp-image-11323\" alt=\"\" srcset=\"https:\/\/www.isinaydinlatma.com.tr\/wp-content\/uploads\/2024\/04\/trafik-levha-ve-sinyalizasyon-direkleri-thumb-05.jpg 250w, https:\/\/www.isinaydinlatma.com.tr\/wp-content\/uploads\/2024\/04\/trafik-levha-ve-sinyalizasyon-direkleri-thumb-05-140x300.jpg 140w\" sizes=\"(max-width: 250px) 100vw, 250px\" \/>\t\t\t\t\t\t\t\t<\/a>\n\t\t\t\t\t\t\t\t\t\t\t\t\t\t\t<\/div>\n\t\t\t\t<\/div>\n\t\t\t\t\t<\/div>\n\t\t<\/div>\n\t\t\t\t<div class=\"elementor-column elementor-col-20 elementor-inner-column elementor-element elementor-element-8376bfe\" data-id=\"8376bfe\" data-element_type=\"column\" data-settings=\"{&quot;background_background&quot;:&quot;classic&quot;}\">\n\t\t\t<div class=\"elementor-widget-wrap elementor-element-populated\">\n\t\t\t\t\t<div class=\"elementor-background-overlay\"><\/div>\n\t\t\t\t\t\t<div class=\"elementor-element elementor-element-bb294dc elementor-widget elementor-widget-image\" data-id=\"bb294dc\" data-element_type=\"widget\" data-widget_type=\"image.default\">\n\t\t\t\t<div class=\"elementor-widget-container\">\n\t\t\t\t\t\t\t\t\t\t\t\t\t\t\t\t<a href=\"https:\/\/www.isinaydinlatma.com.tr\/wp-content\/uploads\/2024\/04\/trafik-levha-ve-sinyalizasyon-direkleri-06.jpg\">\n\t\t\t\t\t\t\t<img loading=\"lazy\" decoding=\"async\" width=\"250\" height=\"535\" src=\"https:\/\/www.isinaydinlatma.com.tr\/wp-content\/uploads\/2024\/04\/trafik-levha-ve-sinyalizasyon-direkleri-thumb-06.jpg\" class=\"attachment-full size-full wp-image-11328\" alt=\"\" srcset=\"https:\/\/www.isinaydinlatma.com.tr\/wp-content\/uploads\/2024\/04\/trafik-levha-ve-sinyalizasyon-direkleri-thumb-06.jpg 250w, https:\/\/www.isinaydinlatma.com.tr\/wp-content\/uploads\/2024\/04\/trafik-levha-ve-sinyalizasyon-direkleri-thumb-06-140x300.jpg 140w\" sizes=\"(max-width: 250px) 100vw, 250px\" \/>\t\t\t\t\t\t\t\t<\/a>\n\t\t\t\t\t\t\t\t\t\t\t\t\t\t\t<\/div>\n\t\t\t\t<\/div>\n\t\t\t\t\t<\/div>\n\t\t<\/div>\n\t\t\t\t\t<\/div>\n\t\t<\/section>\n\t\t\t\t\t<\/div>\n\t\t<\/div>\n\t\t\t\t\t<\/div>\n\t\t<\/section>\n\t\t\t\t<\/div>","protected":false},"excerpt":{"rendered":"<p>Trafik, Levha ve Sinyalizasyon Direkleri Anasayfa \/ Trafik, Levha ve Sinyalizasyon Direkleri Trafik g\u00fcvenli\u011fi ve y\u00f6nlendirme i\u00e7in gerekli olan uyar\u0131 levhalar\u0131, trafik lambalar\u0131, y\u00f6nlendirme tabelalar\u0131 ve elektronik bilgi panellerinin montaj\u0131n\u0131n yap\u0131ld\u0131\u011f\u0131 direklerin projeye \u00f6zg\u00fc tasar\u0131m\u0131 ve imalat\u0131 deneyimli ekibimiz taraf\u0131ndan ger\u00e7ekle\u015ftirilmektedir.<\/p>","protected":false},"featured_media":0,"comment_status":"closed","ping_status":"closed","template":"","meta":{"inline_featured_image":false},"product_brand":[],"product_cat":[],"product_tag":[],"class_list":{"0":"post-11294","1":"product","2":"type-product","3":"status-publish","6":"first","7":"instock","8":"shipping-taxable","9":"product-type-simple"},"yoast_head":"<!-- This site is optimized with the Yoast SEO plugin v24.9 - https:\/\/yoast.com\/wordpress\/plugins\/seo\/ -->\n<title>Trafik, Levha ve Sinyalizasyon Direkleri - I\u015f\u0131n Ayd\u0131nlatma<\/title>\n<meta name=\"robots\" content=\"index, follow, max-snippet:-1, max-image-preview:large, max-video-preview:-1\" \/>\n<link rel=\"canonical\" href=\"https:\/\/www.isinaydinlatma.com.tr\/en\/product\/trafik-levha-ve-sinyalizasyon-direkleri\/\" \/>\n<meta property=\"og:locale\" content=\"en_GB\" \/>\n<meta property=\"og:type\" content=\"article\" \/>\n<meta property=\"og:title\" content=\"Trafik, Levha ve Sinyalizasyon Direkleri - I\u015f\u0131n Ayd\u0131nlatma\" \/>\n<meta property=\"og:description\" content=\"Trafik, Levha ve Sinyalizasyon Direkleri Anasayfa \/ Trafik, Levha ve Sinyalizasyon Direkleri Trafik g\u00fcvenli\u011fi ve y\u00f6nlendirme i\u00e7in gerekli olan uyar\u0131 levhalar\u0131, trafik lambalar\u0131, y\u00f6nlendirme tabelalar\u0131 ve elektronik bilgi panellerinin montaj\u0131n\u0131n yap\u0131ld\u0131\u011f\u0131 direklerin projeye \u00f6zg\u00fc tasar\u0131m\u0131 ve imalat\u0131 deneyimli ekibimiz taraf\u0131ndan ger\u00e7ekle\u015ftirilmektedir.\" \/>\n<meta property=\"og:url\" content=\"https:\/\/www.isinaydinlatma.com.tr\/en\/product\/trafik-levha-ve-sinyalizasyon-direkleri\/\" \/>\n<meta property=\"og:site_name\" content=\"I\u015f\u0131n Ayd\u0131nlatma\" \/>\n<meta property=\"article:modified_time\" content=\"2025-04-18T12:38:58+00:00\" \/>\n<meta property=\"og:image\" content=\"https:\/\/www.isinaydinlatma.com.tr\/wp-content\/uploads\/2024\/04\/trafik-levha-ve-sinyalizasyon-direkleri-thumb-01.jpg\" \/>\n<meta name=\"twitter:card\" content=\"summary_large_image\" \/>\n<script type=\"application\/ld+json\" class=\"yoast-schema-graph\">{\"@context\":\"https:\/\/schema.org\",\"@graph\":[{\"@type\":\"WebPage\",\"@id\":\"https:\/\/www.isinaydinlatma.com.tr\/urun\/trafik-levha-ve-sinyalizasyon-direkleri\/\",\"url\":\"https:\/\/www.isinaydinlatma.com.tr\/urun\/trafik-levha-ve-sinyalizasyon-direkleri\/\",\"name\":\"Trafik, Levha ve Sinyalizasyon Direkleri - I\u015f\u0131n Ayd\u0131nlatma\",\"isPartOf\":{\"@id\":\"https:\/\/www.isinaydinlatma.com.tr\/en\/#website\"},\"primaryImageOfPage\":{\"@id\":\"https:\/\/www.isinaydinlatma.com.tr\/urun\/trafik-levha-ve-sinyalizasyon-direkleri\/#primaryimage\"},\"image\":{\"@id\":\"https:\/\/www.isinaydinlatma.com.tr\/urun\/trafik-levha-ve-sinyalizasyon-direkleri\/#primaryimage\"},\"thumbnailUrl\":\"https:\/\/www.isinaydinlatma.com.tr\/wp-content\/uploads\/2024\/04\/trafik-levha-ve-sinyalizasyon-direkleri-thumb-01.jpg\",\"datePublished\":\"2024-04-11T21:51:30+00:00\",\"dateModified\":\"2025-04-18T12:38:58+00:00\",\"breadcrumb\":{\"@id\":\"https:\/\/www.isinaydinlatma.com.tr\/urun\/trafik-levha-ve-sinyalizasyon-direkleri\/#breadcrumb\"},\"inLanguage\":\"en-GB\",\"potentialAction\":[{\"@type\":\"ReadAction\",\"target\":[\"https:\/\/www.isinaydinlatma.com.tr\/urun\/trafik-levha-ve-sinyalizasyon-direkleri\/\"]}]},{\"@type\":\"ImageObject\",\"inLanguage\":\"en-GB\",\"@id\":\"https:\/\/www.isinaydinlatma.com.tr\/urun\/trafik-levha-ve-sinyalizasyon-direkleri\/#primaryimage\",\"url\":\"https:\/\/www.isinaydinlatma.com.tr\/wp-content\/uploads\/2024\/04\/trafik-levha-ve-sinyalizasyon-direkleri-thumb-01.jpg\",\"contentUrl\":\"https:\/\/www.isinaydinlatma.com.tr\/wp-content\/uploads\/2024\/04\/trafik-levha-ve-sinyalizasyon-direkleri-thumb-01.jpg\"},{\"@type\":\"BreadcrumbList\",\"@id\":\"https:\/\/www.isinaydinlatma.com.tr\/urun\/trafik-levha-ve-sinyalizasyon-direkleri\/#breadcrumb\",\"itemListElement\":[{\"@type\":\"ListItem\",\"position\":1,\"name\":\"Anasayfa\",\"item\":\"https:\/\/www.isinaydinlatma.com.tr\/\"},{\"@type\":\"ListItem\",\"position\":2,\"name\":\"Cart\",\"item\":\"https:\/\/www.isinaydinlatma.com.tr\/cart\/\"},{\"@type\":\"ListItem\",\"position\":3,\"name\":\"Trafik, Levha ve Sinyalizasyon Direkleri\"}]},{\"@type\":\"WebSite\",\"@id\":\"https:\/\/www.isinaydinlatma.com.tr\/en\/#website\",\"url\":\"https:\/\/www.isinaydinlatma.com.tr\/en\/\",\"name\":\"I\u015f\u0131n Ayd\u0131nlatma\",\"description\":\"\",\"potentialAction\":[{\"@type\":\"SearchAction\",\"target\":{\"@type\":\"EntryPoint\",\"urlTemplate\":\"https:\/\/www.isinaydinlatma.com.tr\/en\/?s={search_term_string}\"},\"query-input\":{\"@type\":\"PropertyValueSpecification\",\"valueRequired\":true,\"valueName\":\"search_term_string\"}}],\"inLanguage\":\"en-GB\"}]}<\/script>\n<!-- \/ Yoast SEO plugin. -->","yoast_head_json":{"title":"Trafik, Levha ve Sinyalizasyon Direkleri - I\u015f\u0131n Ayd\u0131nlatma","robots":{"index":"index","follow":"follow","max-snippet":"max-snippet:-1","max-image-preview":"max-image-preview:large","max-video-preview":"max-video-preview:-1"},"canonical":"https:\/\/www.isinaydinlatma.com.tr\/en\/product\/trafik-levha-ve-sinyalizasyon-direkleri\/","og_locale":"en_GB","og_type":"article","og_title":"Trafik, Levha ve Sinyalizasyon Direkleri - I\u015f\u0131n Ayd\u0131nlatma","og_description":"Trafik, Levha ve Sinyalizasyon Direkleri Anasayfa \/ Trafik, Levha ve Sinyalizasyon Direkleri Trafik g\u00fcvenli\u011fi ve y\u00f6nlendirme i\u00e7in gerekli olan uyar\u0131 levhalar\u0131, trafik lambalar\u0131, y\u00f6nlendirme tabelalar\u0131 ve elektronik bilgi panellerinin montaj\u0131n\u0131n yap\u0131ld\u0131\u011f\u0131 direklerin projeye \u00f6zg\u00fc tasar\u0131m\u0131 ve imalat\u0131 deneyimli ekibimiz taraf\u0131ndan ger\u00e7ekle\u015ftirilmektedir.","og_url":"https:\/\/www.isinaydinlatma.com.tr\/en\/product\/trafik-levha-ve-sinyalizasyon-direkleri\/","og_site_name":"I\u015f\u0131n Ayd\u0131nlatma","article_modified_time":"2025-04-18T12:38:58+00:00","og_image":[{"url":"https:\/\/www.isinaydinlatma.com.tr\/wp-content\/uploads\/2024\/04\/trafik-levha-ve-sinyalizasyon-direkleri-thumb-01.jpg","type":"","width":"","height":""}],"twitter_card":"summary_large_image","schema":{"@context":"https:\/\/schema.org","@graph":[{"@type":"WebPage","@id":"https:\/\/www.isinaydinlatma.com.tr\/urun\/trafik-levha-ve-sinyalizasyon-direkleri\/","url":"https:\/\/www.isinaydinlatma.com.tr\/urun\/trafik-levha-ve-sinyalizasyon-direkleri\/","name":"Trafik, Levha ve Sinyalizasyon Direkleri - I\u015f\u0131n Ayd\u0131nlatma","isPartOf":{"@id":"https:\/\/www.isinaydinlatma.com.tr\/en\/#website"},"primaryImageOfPage":{"@id":"https:\/\/www.isinaydinlatma.com.tr\/urun\/trafik-levha-ve-sinyalizasyon-direkleri\/#primaryimage"},"image":{"@id":"https:\/\/www.isinaydinlatma.com.tr\/urun\/trafik-levha-ve-sinyalizasyon-direkleri\/#primaryimage"},"thumbnailUrl":"https:\/\/www.isinaydinlatma.com.tr\/wp-content\/uploads\/2024\/04\/trafik-levha-ve-sinyalizasyon-direkleri-thumb-01.jpg","datePublished":"2024-04-11T21:51:30+00:00","dateModified":"2025-04-18T12:38:58+00:00","breadcrumb":{"@id":"https:\/\/www.isinaydinlatma.com.tr\/urun\/trafik-levha-ve-sinyalizasyon-direkleri\/#breadcrumb"},"inLanguage":"en-GB","potentialAction":[{"@type":"ReadAction","target":["https:\/\/www.isinaydinlatma.com.tr\/urun\/trafik-levha-ve-sinyalizasyon-direkleri\/"]}]},{"@type":"ImageObject","inLanguage":"en-GB","@id":"https:\/\/www.isinaydinlatma.com.tr\/urun\/trafik-levha-ve-sinyalizasyon-direkleri\/#primaryimage","url":"https:\/\/www.isinaydinlatma.com.tr\/wp-content\/uploads\/2024\/04\/trafik-levha-ve-sinyalizasyon-direkleri-thumb-01.jpg","contentUrl":"https:\/\/www.isinaydinlatma.com.tr\/wp-content\/uploads\/2024\/04\/trafik-levha-ve-sinyalizasyon-direkleri-thumb-01.jpg"},{"@type":"BreadcrumbList","@id":"https:\/\/www.isinaydinlatma.com.tr\/urun\/trafik-levha-ve-sinyalizasyon-direkleri\/#breadcrumb","itemListElement":[{"@type":"ListItem","position":1,"name":"Anasayfa","item":"https:\/\/www.isinaydinlatma.com.tr\/"},{"@type":"ListItem","position":2,"name":"Cart","item":"https:\/\/www.isinaydinlatma.com.tr\/cart\/"},{"@type":"ListItem","position":3,"name":"Trafik, Levha ve Sinyalizasyon Direkleri"}]},{"@type":"WebSite","@id":"https:\/\/www.isinaydinlatma.com.tr\/en\/#website","url":"https:\/\/www.isinaydinlatma.com.tr\/en\/","name":"I\u015f\u0131n Ayd\u0131nlatma","description":"","potentialAction":[{"@type":"SearchAction","target":{"@type":"EntryPoint","urlTemplate":"https:\/\/www.isinaydinlatma.com.tr\/en\/?s={search_term_string}"},"query-input":{"@type":"PropertyValueSpecification","valueRequired":true,"valueName":"search_term_string"}}],"inLanguage":"en-GB"}]}},"_links":{"self":[{"href":"https:\/\/www.isinaydinlatma.com.tr\/en\/wp-json\/wp\/v2\/product\/11294","targetHints":{"allow":["GET"]}}],"collection":[{"href":"https:\/\/www.isinaydinlatma.com.tr\/en\/wp-json\/wp\/v2\/product"}],"about":[{"href":"https:\/\/www.isinaydinlatma.com.tr\/en\/wp-json\/wp\/v2\/types\/product"}],"replies":[{"embeddable":true,"href":"https:\/\/www.isinaydinlatma.com.tr\/en\/wp-json\/wp\/v2\/comments?post=11294"}],"version-history":[{"count":0,"href":"https:\/\/www.isinaydinlatma.com.tr\/en\/wp-json\/wp\/v2\/product\/11294\/revisions"}],"wp:attachment":[{"href":"https:\/\/www.isinaydinlatma.com.tr\/en\/wp-json\/wp\/v2\/media?parent=11294"}],"wp:term":[{"taxonomy":"product_brand","embeddable":true,"href":"https:\/\/www.isinaydinlatma.com.tr\/en\/wp-json\/wp\/v2\/product_brand?post=11294"},{"taxonomy":"product_cat","embeddable":true,"href":"https:\/\/www.isinaydinlatma.com.tr\/en\/wp-json\/wp\/v2\/product_cat?post=11294"},{"taxonomy":"product_tag","embeddable":true,"href":"https:\/\/www.isinaydinlatma.com.tr\/en\/wp-json\/wp\/v2\/product_tag?post=11294"}],"curies":[{"name":"wp","href":"https:\/\/api.w.org\/{rel}","templated":true}]}}