{"id":7545,"date":"2024-01-27T22:07:38","date_gmt":"2024-01-27T19:07:38","guid":{"rendered":"https:\/\/www.isinaydinlatma.com.tr\/demo\/?page_id=7545"},"modified":"2025-04-18T15:38:58","modified_gmt":"2025-04-18T12:38:58","slug":"galvanizli-aydinlatma-direkleri","status":"publish","type":"product","link":"https:\/\/www.isinaydinlatma.com.tr\/en\/product\/galvanizli-aydinlatma-direkleri\/","title":{"rendered":"Galvanized Lighting Poles"},"content":{"rendered":"<div data-elementor-type=\"wp-page\" data-elementor-id=\"7545\" class=\"elementor elementor-7545\" data-elementor-post-type=\"product\">\n\t\t\t\t<div class=\"elementor-element elementor-element-980dc0c animated-fast e-flex e-con-boxed elementor-invisible e-con e-parent\" data-id=\"980dc0c\" data-element_type=\"container\" data-settings=\"{&quot;background_background&quot;:&quot;classic&quot;,&quot;animation&quot;:&quot;fadeInUp&quot;}\">\n\t\t\t\t\t<div class=\"e-con-inner\">\n\t\t\t\t<div class=\"elementor-element elementor-element-cf4132e elementor-widget elementor-widget-spacer\" data-id=\"cf4132e\" data-element_type=\"widget\" data-widget_type=\"spacer.default\">\n\t\t\t\t<div class=\"elementor-widget-container\">\n\t\t\t\t\t\t\t<div class=\"elementor-spacer\">\n\t\t\t<div class=\"elementor-spacer-inner\"><\/div>\n\t\t<\/div>\n\t\t\t\t\t\t<\/div>\n\t\t\t\t<\/div>\n\t\t\t\t<div class=\"elementor-element elementor-element-ad931f5 elementor-widget elementor-widget-spacer\" data-id=\"ad931f5\" data-element_type=\"widget\" data-widget_type=\"spacer.default\">\n\t\t\t\t<div class=\"elementor-widget-container\">\n\t\t\t\t\t\t\t<div class=\"elementor-spacer\">\n\t\t\t<div class=\"elementor-spacer-inner\"><\/div>\n\t\t<\/div>\n\t\t\t\t\t\t<\/div>\n\t\t\t\t<\/div>\n\t\t\t\t<div class=\"elementor-element elementor-element-0649edd elementor-widget elementor-widget-heading\" data-id=\"0649edd\" data-element_type=\"widget\" data-widget_type=\"heading.default\">\n\t\t\t\t<div class=\"elementor-widget-container\">\n\t\t\t\t\t<h1 class=\"elementor-heading-title elementor-size-default\">Galvanized Lighting Poles<\/h1>\t\t\t\t<\/div>\n\t\t\t\t<\/div>\n\t\t\t\t\t<\/div>\n\t\t\t\t<\/div>\n\t\t\t\t<section class=\"elementor-section elementor-top-section elementor-element elementor-element-0b1fc7e elementor-section-boxed elementor-section-height-default elementor-section-height-default\" data-id=\"0b1fc7e\" data-element_type=\"section\">\n\t\t\t\t\t\t<div class=\"elementor-container elementor-column-gap-no\">\n\t\t\t\t\t<div class=\"elementor-column elementor-col-100 elementor-top-column elementor-element elementor-element-fe680a0\" data-id=\"fe680a0\" data-element_type=\"column\">\n\t\t\t<div class=\"elementor-widget-wrap elementor-element-populated\">\n\t\t\t\t\t\t<div class=\"elementor-element elementor-element-cb5da67 elementor-widget elementor-widget-spacer\" data-id=\"cb5da67\" data-element_type=\"widget\" data-widget_type=\"spacer.default\">\n\t\t\t\t<div class=\"elementor-widget-container\">\n\t\t\t\t\t\t\t<div class=\"elementor-spacer\">\n\t\t\t<div class=\"elementor-spacer-inner\"><\/div>\n\t\t<\/div>\n\t\t\t\t\t\t<\/div>\n\t\t\t\t<\/div>\n\t\t\t\t<div class=\"elementor-element elementor-element-4d8160f elementor-invisible elementor-widget elementor-widget-text-editor\" data-id=\"4d8160f\" data-element_type=\"widget\" data-settings=\"{&quot;_animation&quot;:&quot;fadeInUp&quot;}\" data-widget_type=\"text-editor.default\">\n\t\t\t\t<div class=\"elementor-widget-container\">\n\t\t\t\t\t\t\t\t\t<a href=\"https:\/\/www.isinaydinlatma.com.tr\/en\/\">Home<\/a> \/ <a href=\"https:\/\/www.isinaydinlatma.com.tr\/en\/aydinlatma-direkleri\/\">Lighting Poles<\/a> \/ Galvanized\t\t\t\t\t\t\t\t<\/div>\n\t\t\t\t<\/div>\n\t\t\t\t<div class=\"elementor-element elementor-element-ea5f52d elementor-widget elementor-widget-spacer\" data-id=\"ea5f52d\" data-element_type=\"widget\" data-widget_type=\"spacer.default\">\n\t\t\t\t<div class=\"elementor-widget-container\">\n\t\t\t\t\t\t\t<div class=\"elementor-spacer\">\n\t\t\t<div class=\"elementor-spacer-inner\"><\/div>\n\t\t<\/div>\n\t\t\t\t\t\t<\/div>\n\t\t\t\t<\/div>\n\t\t\t\t\t<\/div>\n\t\t<\/div>\n\t\t\t\t\t<\/div>\n\t\t<\/section>\n\t\t\t\t<section class=\"elementor-section elementor-top-section elementor-element elementor-element-5b60525 elementor-section-boxed elementor-section-height-default elementor-section-height-default\" data-id=\"5b60525\" data-element_type=\"section\">\n\t\t\t\t\t\t<div class=\"elementor-container elementor-column-gap-default\">\n\t\t\t\t\t<div class=\"elementor-column elementor-col-100 elementor-top-column elementor-element elementor-element-d458a9a\" data-id=\"d458a9a\" data-element_type=\"column\">\n\t\t\t<div class=\"elementor-widget-wrap elementor-element-populated\">\n\t\t\t\t\t\t<section class=\"elementor-section elementor-inner-section elementor-element elementor-element-1779ccb elementor-section-boxed elementor-section-height-default elementor-section-height-default elementor-invisible\" data-id=\"1779ccb\" data-element_type=\"section\" data-settings=\"{&quot;animation&quot;:&quot;fadeInUp&quot;}\">\n\t\t\t\t\t\t<div class=\"elementor-container elementor-column-gap-default\">\n\t\t\t\t\t<div class=\"elementor-column elementor-col-50 elementor-inner-column elementor-element elementor-element-473e498\" data-id=\"473e498\" data-element_type=\"column\" data-settings=\"{&quot;background_background&quot;:&quot;classic&quot;}\">\n\t\t\t<div class=\"elementor-widget-wrap elementor-element-populated\">\n\t\t\t\t\t<div class=\"elementor-background-overlay\"><\/div>\n\t\t\t\t\t\t<div class=\"elementor-element elementor-element-9eb8bd9 image-box-style-6 elementor-widget elementor-widget-mae-image-box\" data-id=\"9eb8bd9\" data-element_type=\"widget\" data-widget_type=\"mae-image-box.default\">\n\t\t\t\t<div class=\"elementor-widget-container\">\n\t\t\t\t\t                <div class=\"master-image-box\">\n                            <div class=\"thumb\"><div class=\"inner\"><img fetchpriority=\"high\" decoding=\"async\" width=\"500\" height=\"600\" src=\"https:\/\/www.isinaydinlatma.com.tr\/wp-content\/uploads\/2024\/02\/01-poligonal-konik-galvanizli-aydinlatma-diregi.jpg\" class=\"attachment-full size-full\" alt=\"\" srcset=\"https:\/\/www.isinaydinlatma.com.tr\/wp-content\/uploads\/2024\/02\/01-poligonal-konik-galvanizli-aydinlatma-diregi.jpg 500w, https:\/\/www.isinaydinlatma.com.tr\/wp-content\/uploads\/2024\/02\/01-poligonal-konik-galvanizli-aydinlatma-diregi-250x300.jpg 250w\" sizes=\"(max-width: 500px) 100vw, 500px\" \/><\/div><\/div>\n                <div class=\"content-wrap\">\n                    <h2 class=\"headline-2\"><a href=\"https:\/\/www.isinaydinlatma.com.tr\/en\/aydinlatma-direkleri\/galvanizli-aydinlatma-direkleri\/poligonal-konik\/\">Polygonal Conical Galvanized Lighting Poles<\/a><\/h2>                <\/div>\n                <a class=\"url-hidden\" href=\"https:\/\/www.isinaydinlatma.com.tr\/en\/aydinlatma-direkleri\/galvanizli-aydinlatma-direkleri\/poligonal-konik\/\"><\/a>                    <\/div>\n        \t\t\t\t<\/div>\n\t\t\t\t<\/div>\n\t\t\t\t\t<\/div>\n\t\t<\/div>\n\t\t\t\t<div class=\"elementor-column elementor-col-50 elementor-inner-column elementor-element elementor-element-dbc2620\" data-id=\"dbc2620\" data-element_type=\"column\">\n\t\t\t<div class=\"elementor-widget-wrap elementor-element-populated\">\n\t\t\t\t\t\t<div class=\"elementor-element elementor-element-82aa5f8 image-box-style-6 elementor-widget elementor-widget-mae-image-box\" data-id=\"82aa5f8\" data-element_type=\"widget\" data-widget_type=\"mae-image-box.default\">\n\t\t\t\t<div class=\"elementor-widget-container\">\n\t\t\t\t\t                <div class=\"master-image-box\">\n                            <div class=\"thumb\"><div class=\"inner\"><img decoding=\"async\" width=\"500\" height=\"600\" src=\"https:\/\/www.isinaydinlatma.com.tr\/wp-content\/uploads\/2024\/02\/02-dairesel-konik-galvanizli-aydinlatma-diregi.jpg\" class=\"attachment-full size-full\" alt=\"\" srcset=\"https:\/\/www.isinaydinlatma.com.tr\/wp-content\/uploads\/2024\/02\/02-dairesel-konik-galvanizli-aydinlatma-diregi.jpg 500w, https:\/\/www.isinaydinlatma.com.tr\/wp-content\/uploads\/2024\/02\/02-dairesel-konik-galvanizli-aydinlatma-diregi-250x300.jpg 250w\" sizes=\"(max-width: 500px) 100vw, 500px\" \/><\/div><\/div>\n                <div class=\"content-wrap\">\n                    <h2 class=\"headline-2\"><a href=\"https:\/\/www.isinaydinlatma.com.tr\/en\/aydinlatma-direkleri\/galvanizli-aydinlatma-direkleri\/dairesel-konik\/\">Circular Conical Galvanized Lighting Poles<\/a><\/h2>                <\/div>\n                <a class=\"url-hidden\" href=\"https:\/\/www.isinaydinlatma.com.tr\/en\/aydinlatma-direkleri\/galvanizli-aydinlatma-direkleri\/dairesel-konik\/\"><\/a>                    <\/div>\n        \t\t\t\t<\/div>\n\t\t\t\t<\/div>\n\t\t\t\t\t<\/div>\n\t\t<\/div>\n\t\t\t\t\t<\/div>\n\t\t<\/section>\n\t\t\t\t\t<\/div>\n\t\t<\/div>\n\t\t\t\t\t<\/div>\n\t\t<\/section>\n\t\t\t\t<\/div>","protected":false},"excerpt":{"rendered":"<p>Galvanizli Ayd\u0131nlatma Direkleri Anasayfa \/ Ayd\u0131nlatma Direkleri \/ Galvanizli Poligonal Konik Galvanizli Ayd\u0131nlatma Direkleri Dairesel Konik Galvanizli Ayd\u0131nlatma Direkleri<\/p>","protected":false},"featured_media":0,"comment_status":"closed","ping_status":"closed","template":"","meta":{"inline_featured_image":false},"product_brand":[],"product_cat":[],"product_tag":[],"class_list":{"0":"post-7545","1":"product","2":"type-product","3":"status-publish","6":"first","7":"instock","8":"shipping-taxable","9":"product-type-simple"},"yoast_head":"<!-- This site is optimized with the Yoast SEO plugin v24.9 - https:\/\/yoast.com\/wordpress\/plugins\/seo\/ -->\n<title>Galvanizli Ayd\u0131nlatma Direkleri - I\u015f\u0131n Ayd\u0131nlatma<\/title>\n<meta name=\"robots\" content=\"index, follow, max-snippet:-1, max-image-preview:large, max-video-preview:-1\" \/>\n<link rel=\"canonical\" href=\"https:\/\/www.isinaydinlatma.com.tr\/en\/product\/galvanizli-aydinlatma-direkleri\/\" \/>\n<meta property=\"og:locale\" content=\"en_GB\" \/>\n<meta property=\"og:type\" content=\"article\" \/>\n<meta property=\"og:title\" content=\"Galvanizli Ayd\u0131nlatma Direkleri - I\u015f\u0131n Ayd\u0131nlatma\" \/>\n<meta property=\"og:description\" content=\"Galvanizli Ayd\u0131nlatma Direkleri Anasayfa \/ Ayd\u0131nlatma Direkleri \/ Galvanizli Poligonal Konik Galvanizli Ayd\u0131nlatma Direkleri Dairesel Konik Galvanizli Ayd\u0131nlatma Direkleri\" \/>\n<meta property=\"og:url\" content=\"https:\/\/www.isinaydinlatma.com.tr\/en\/product\/galvanizli-aydinlatma-direkleri\/\" \/>\n<meta property=\"og:site_name\" content=\"I\u015f\u0131n Ayd\u0131nlatma\" \/>\n<meta property=\"article:modified_time\" content=\"2025-04-18T12:38:58+00:00\" \/>\n<meta property=\"og:image\" content=\"https:\/\/www.isinaydinlatma.com.tr\/wp-content\/uploads\/2024\/02\/01-poligonal-konik-galvanizli-aydinlatma-diregi.jpg\" \/>\n<meta name=\"twitter:card\" content=\"summary_large_image\" \/>\n<script type=\"application\/ld+json\" class=\"yoast-schema-graph\">{\"@context\":\"https:\/\/schema.org\",\"@graph\":[{\"@type\":\"WebPage\",\"@id\":\"https:\/\/www.isinaydinlatma.com.tr\/urun\/galvanizli-aydinlatma-direkleri\/\",\"url\":\"https:\/\/www.isinaydinlatma.com.tr\/urun\/galvanizli-aydinlatma-direkleri\/\",\"name\":\"Galvanizli Ayd\u0131nlatma Direkleri - I\u015f\u0131n Ayd\u0131nlatma\",\"isPartOf\":{\"@id\":\"https:\/\/www.isinaydinlatma.com.tr\/en\/#website\"},\"primaryImageOfPage\":{\"@id\":\"https:\/\/www.isinaydinlatma.com.tr\/urun\/galvanizli-aydinlatma-direkleri\/#primaryimage\"},\"image\":{\"@id\":\"https:\/\/www.isinaydinlatma.com.tr\/urun\/galvanizli-aydinlatma-direkleri\/#primaryimage\"},\"thumbnailUrl\":\"https:\/\/www.isinaydinlatma.com.tr\/wp-content\/uploads\/2024\/02\/01-poligonal-konik-galvanizli-aydinlatma-diregi.jpg\",\"datePublished\":\"2024-01-27T19:07:38+00:00\",\"dateModified\":\"2025-04-18T12:38:58+00:00\",\"breadcrumb\":{\"@id\":\"https:\/\/www.isinaydinlatma.com.tr\/urun\/galvanizli-aydinlatma-direkleri\/#breadcrumb\"},\"inLanguage\":\"en-GB\",\"potentialAction\":[{\"@type\":\"ReadAction\",\"target\":[\"https:\/\/www.isinaydinlatma.com.tr\/urun\/galvanizli-aydinlatma-direkleri\/\"]}]},{\"@type\":\"ImageObject\",\"inLanguage\":\"en-GB\",\"@id\":\"https:\/\/www.isinaydinlatma.com.tr\/urun\/galvanizli-aydinlatma-direkleri\/#primaryimage\",\"url\":\"https:\/\/www.isinaydinlatma.com.tr\/wp-content\/uploads\/2024\/02\/01-poligonal-konik-galvanizli-aydinlatma-diregi.jpg\",\"contentUrl\":\"https:\/\/www.isinaydinlatma.com.tr\/wp-content\/uploads\/2024\/02\/01-poligonal-konik-galvanizli-aydinlatma-diregi.jpg\"},{\"@type\":\"BreadcrumbList\",\"@id\":\"https:\/\/www.isinaydinlatma.com.tr\/urun\/galvanizli-aydinlatma-direkleri\/#breadcrumb\",\"itemListElement\":[{\"@type\":\"ListItem\",\"position\":1,\"name\":\"Anasayfa\",\"item\":\"https:\/\/www.isinaydinlatma.com.tr\/\"},{\"@type\":\"ListItem\",\"position\":2,\"name\":\"Cart\",\"item\":\"https:\/\/www.isinaydinlatma.com.tr\/cart\/\"},{\"@type\":\"ListItem\",\"position\":3,\"name\":\"Ayd\u0131nlatma Direkleri\",\"item\":\"https:\/\/www.isinaydinlatma.com.tr\/urun\/aydinlatma-direkleri\/\"},{\"@type\":\"ListItem\",\"position\":4,\"name\":\"Galvanizli Ayd\u0131nlatma Direkleri\"}]},{\"@type\":\"WebSite\",\"@id\":\"https:\/\/www.isinaydinlatma.com.tr\/en\/#website\",\"url\":\"https:\/\/www.isinaydinlatma.com.tr\/en\/\",\"name\":\"I\u015f\u0131n Ayd\u0131nlatma\",\"description\":\"\",\"potentialAction\":[{\"@type\":\"SearchAction\",\"target\":{\"@type\":\"EntryPoint\",\"urlTemplate\":\"https:\/\/www.isinaydinlatma.com.tr\/en\/?s={search_term_string}\"},\"query-input\":{\"@type\":\"PropertyValueSpecification\",\"valueRequired\":true,\"valueName\":\"search_term_string\"}}],\"inLanguage\":\"en-GB\"}]}<\/script>\n<!-- \/ Yoast SEO plugin. -->","yoast_head_json":{"title":"Galvanizli Ayd\u0131nlatma Direkleri - I\u015f\u0131n Ayd\u0131nlatma","robots":{"index":"index","follow":"follow","max-snippet":"max-snippet:-1","max-image-preview":"max-image-preview:large","max-video-preview":"max-video-preview:-1"},"canonical":"https:\/\/www.isinaydinlatma.com.tr\/en\/product\/galvanizli-aydinlatma-direkleri\/","og_locale":"en_GB","og_type":"article","og_title":"Galvanizli Ayd\u0131nlatma Direkleri - I\u015f\u0131n Ayd\u0131nlatma","og_description":"Galvanizli Ayd\u0131nlatma Direkleri Anasayfa \/ Ayd\u0131nlatma Direkleri \/ Galvanizli Poligonal Konik Galvanizli Ayd\u0131nlatma Direkleri Dairesel Konik Galvanizli Ayd\u0131nlatma Direkleri","og_url":"https:\/\/www.isinaydinlatma.com.tr\/en\/product\/galvanizli-aydinlatma-direkleri\/","og_site_name":"I\u015f\u0131n Ayd\u0131nlatma","article_modified_time":"2025-04-18T12:38:58+00:00","og_image":[{"url":"https:\/\/www.isinaydinlatma.com.tr\/wp-content\/uploads\/2024\/02\/01-poligonal-konik-galvanizli-aydinlatma-diregi.jpg","type":"","width":"","height":""}],"twitter_card":"summary_large_image","schema":{"@context":"https:\/\/schema.org","@graph":[{"@type":"WebPage","@id":"https:\/\/www.isinaydinlatma.com.tr\/urun\/galvanizli-aydinlatma-direkleri\/","url":"https:\/\/www.isinaydinlatma.com.tr\/urun\/galvanizli-aydinlatma-direkleri\/","name":"Galvanizli Ayd\u0131nlatma Direkleri - I\u015f\u0131n Ayd\u0131nlatma","isPartOf":{"@id":"https:\/\/www.isinaydinlatma.com.tr\/en\/#website"},"primaryImageOfPage":{"@id":"https:\/\/www.isinaydinlatma.com.tr\/urun\/galvanizli-aydinlatma-direkleri\/#primaryimage"},"image":{"@id":"https:\/\/www.isinaydinlatma.com.tr\/urun\/galvanizli-aydinlatma-direkleri\/#primaryimage"},"thumbnailUrl":"https:\/\/www.isinaydinlatma.com.tr\/wp-content\/uploads\/2024\/02\/01-poligonal-konik-galvanizli-aydinlatma-diregi.jpg","datePublished":"2024-01-27T19:07:38+00:00","dateModified":"2025-04-18T12:38:58+00:00","breadcrumb":{"@id":"https:\/\/www.isinaydinlatma.com.tr\/urun\/galvanizli-aydinlatma-direkleri\/#breadcrumb"},"inLanguage":"en-GB","potentialAction":[{"@type":"ReadAction","target":["https:\/\/www.isinaydinlatma.com.tr\/urun\/galvanizli-aydinlatma-direkleri\/"]}]},{"@type":"ImageObject","inLanguage":"en-GB","@id":"https:\/\/www.isinaydinlatma.com.tr\/urun\/galvanizli-aydinlatma-direkleri\/#primaryimage","url":"https:\/\/www.isinaydinlatma.com.tr\/wp-content\/uploads\/2024\/02\/01-poligonal-konik-galvanizli-aydinlatma-diregi.jpg","contentUrl":"https:\/\/www.isinaydinlatma.com.tr\/wp-content\/uploads\/2024\/02\/01-poligonal-konik-galvanizli-aydinlatma-diregi.jpg"},{"@type":"BreadcrumbList","@id":"https:\/\/www.isinaydinlatma.com.tr\/urun\/galvanizli-aydinlatma-direkleri\/#breadcrumb","itemListElement":[{"@type":"ListItem","position":1,"name":"Anasayfa","item":"https:\/\/www.isinaydinlatma.com.tr\/"},{"@type":"ListItem","position":2,"name":"Cart","item":"https:\/\/www.isinaydinlatma.com.tr\/cart\/"},{"@type":"ListItem","position":3,"name":"Ayd\u0131nlatma Direkleri","item":"https:\/\/www.isinaydinlatma.com.tr\/urun\/aydinlatma-direkleri\/"},{"@type":"ListItem","position":4,"name":"Galvanizli Ayd\u0131nlatma Direkleri"}]},{"@type":"WebSite","@id":"https:\/\/www.isinaydinlatma.com.tr\/en\/#website","url":"https:\/\/www.isinaydinlatma.com.tr\/en\/","name":"I\u015f\u0131n Ayd\u0131nlatma","description":"","potentialAction":[{"@type":"SearchAction","target":{"@type":"EntryPoint","urlTemplate":"https:\/\/www.isinaydinlatma.com.tr\/en\/?s={search_term_string}"},"query-input":{"@type":"PropertyValueSpecification","valueRequired":true,"valueName":"search_term_string"}}],"inLanguage":"en-GB"}]}},"_links":{"self":[{"href":"https:\/\/www.isinaydinlatma.com.tr\/en\/wp-json\/wp\/v2\/product\/7545","targetHints":{"allow":["GET"]}}],"collection":[{"href":"https:\/\/www.isinaydinlatma.com.tr\/en\/wp-json\/wp\/v2\/product"}],"about":[{"href":"https:\/\/www.isinaydinlatma.com.tr\/en\/wp-json\/wp\/v2\/types\/product"}],"replies":[{"embeddable":true,"href":"https:\/\/www.isinaydinlatma.com.tr\/en\/wp-json\/wp\/v2\/comments?post=7545"}],"version-history":[{"count":0,"href":"https:\/\/www.isinaydinlatma.com.tr\/en\/wp-json\/wp\/v2\/product\/7545\/revisions"}],"wp:attachment":[{"href":"https:\/\/www.isinaydinlatma.com.tr\/en\/wp-json\/wp\/v2\/media?parent=7545"}],"wp:term":[{"taxonomy":"product_brand","embeddable":true,"href":"https:\/\/www.isinaydinlatma.com.tr\/en\/wp-json\/wp\/v2\/product_brand?post=7545"},{"taxonomy":"product_cat","embeddable":true,"href":"https:\/\/www.isinaydinlatma.com.tr\/en\/wp-json\/wp\/v2\/product_cat?post=7545"},{"taxonomy":"product_tag","embeddable":true,"href":"https:\/\/www.isinaydinlatma.com.tr\/en\/wp-json\/wp\/v2\/product_tag?post=7545"}],"curies":[{"name":"wp","href":"https:\/\/api.w.org\/{rel}","templated":true}]}}